{"id":10181,"date":"2015-05-28T19:21:28","date_gmt":"2015-05-28T19:21:28","guid":{"rendered":"https:\/\/www.wiegel-autolackiererei.de\/?page_id=10181"},"modified":"2016-05-24T11:55:20","modified_gmt":"2016-05-24T11:55:20","slug":"uber-uns","status":"publish","type":"page","link":"https:\/\/www.wiegel-autolackiererei.de\/?page_id=10181","title":{"rendered":"\u00dcber uns"},"content":{"rendered":"<div class=\"row \"><div class=\"wpv-grid grid-1-2  wpv-first-level first unextended\" style=\"padding-top:0px;padding-bottom:0px\" id=\"wpv-column-a92b54216d2b82c024bfc6c5203c1e1b\" ><p><a href=\"https:\/\/www.wiegel-autolackiererei.de\/wp-content\/uploads\/2015\/05\/TT_gruppe.jpg\"><img loading=\"lazy\" decoding=\"async\" class=\"alignnone size-full wp-image-11028\" src=\"https:\/\/www.wiegel-autolackiererei.de\/wp-content\/uploads\/2015\/05\/TT_gruppe.jpg\" alt=\"TT_gruppe\" width=\"4614\" height=\"3085\" srcset=\"https:\/\/www.wiegel-autolackiererei.de\/wp-content\/uploads\/2015\/05\/TT_gruppe.jpg 4614w, https:\/\/www.wiegel-autolackiererei.de\/wp-content\/uploads\/2015\/05\/TT_gruppe-300x201.jpg 300w, https:\/\/www.wiegel-autolackiererei.de\/wp-content\/uploads\/2015\/05\/TT_gruppe-1024x685.jpg 1024w, https:\/\/www.wiegel-autolackiererei.de\/wp-content\/uploads\/2015\/05\/TT_gruppe-600x401.jpg 600w, https:\/\/www.wiegel-autolackiererei.de\/wp-content\/uploads\/2015\/05\/TT_gruppe-1140x762.jpg 1140w, https:\/\/www.wiegel-autolackiererei.de\/wp-content\/uploads\/2015\/05\/TT_gruppe-555x370.jpg 555w, https:\/\/www.wiegel-autolackiererei.de\/wp-content\/uploads\/2015\/05\/TT_gruppe-360x240.jpg 360w, https:\/\/www.wiegel-autolackiererei.de\/wp-content\/uploads\/2015\/05\/TT_gruppe-262x175.jpg 262w\" sizes=\"(max-width: 4614px) 100vw, 4614px\" \/><\/a><\/div>\n<div class=\"wpv-grid grid-1-2  wpv-first-level unextended\" style=\"padding-top:0px;padding-bottom:0px\" id=\"wpv-column-91d6d2e6aae3478484cea8a87bb200eb\" ><p>Mit der Gr\u00fcndung einer Fahrzeug-Lackierwerkst\u00e4tte im Jahr 1994 begann der Weg in die Selbstst\u00e4ndigkeit.<\/p>\n<p>Heute besch\u00e4ftigen wir 3 qualifizierte Mitarbeiter, die durch ihr Fachwissen und ihr Engagement zu einem reibungslosen Ablauf in allen Bereichen beitragen.<\/p>\n<p>Auf einem Grundst\u00fcck von \u00fcber 2500\u00a0m\u00b2 steht uns eine 500 m\u00b2 gro\u00dfe Halle f\u00fcr Karosserie- und Lackierarbeiten zur Verf\u00fcgung.<\/p>\n\n\t\t\t<!-- START urkunden REVOLUTION SLIDER 6.2.23 --><p class=\"rs-p-wp-fix\"><\/p>\n\t\t\t<rs-module-wrap id=\"rev_slider_26_1_wrapper\" data-source=\"gallery\" style=\"background:#E9E9E9;padding:0;margin:0px auto;margin-top:0;margin-bottom:0;\">\n\t\t\t\t<rs-module id=\"rev_slider_26_1\" style=\"\" data-version=\"6.2.23\">\n\t\t\t\t\t<rs-slides>\n\t\t\t\t\t\t<rs-slide data-key=\"rs-59\" data-title=\"Slide\" data-anim=\"ei:d;eo:d;r:0;t:fade;sl:7;\">\n\t\t\t\t\t\t\t<img decoding=\"async\" src=\"\/\/www.wiegel-autolackiererei.de\/wp-content\/uploads\/2015\/07\/urkunden_1.jpg\" title=\"\u00dcber uns\" data-parallax=\"off\" class=\"rev-slidebg\" data-no-retina>\n<!---->\t\t\t\t\t\t<\/rs-slide>\n\t\t\t\t\t\t<rs-slide data-key=\"rs-60\" data-title=\"Slide\" data-anim=\"ei:d;eo:d;r:0;t:fade;sl:7;\">\n\t\t\t\t\t\t\t<img decoding=\"async\" src=\"\/\/www.wiegel-autolackiererei.de\/wp-content\/uploads\/2015\/07\/urkunden_2.jpg\" title=\"\u00dcber uns\" data-parallax=\"off\" class=\"rev-slidebg\" data-no-retina>\n<!---->\t\t\t\t\t\t<\/rs-slide>\n\t\t\t\t\t<\/rs-slides>\n\t\t\t\t<\/rs-module>\n\t\t\t<\/rs-module-wrap>\n\t\t\t<!-- END REVOLUTION SLIDER -->\n<\/div><\/div>\n<div class=\"sep\"><\/div>\n","protected":false},"excerpt":{"rendered":"","protected":false},"author":1,"featured_media":0,"parent":0,"menu_order":0,"comment_status":"closed","ping_status":"open","template":"","meta":{"footnotes":""},"class_list":["post-10181","page","type-page","status-publish","hentry"],"_links":{"self":[{"href":"https:\/\/www.wiegel-autolackiererei.de\/index.php?rest_route=\/wp\/v2\/pages\/10181"}],"collection":[{"href":"https:\/\/www.wiegel-autolackiererei.de\/index.php?rest_route=\/wp\/v2\/pages"}],"about":[{"href":"https:\/\/www.wiegel-autolackiererei.de\/index.php?rest_route=\/wp\/v2\/types\/page"}],"author":[{"embeddable":true,"href":"https:\/\/www.wiegel-autolackiererei.de\/index.php?rest_route=\/wp\/v2\/users\/1"}],"replies":[{"embeddable":true,"href":"https:\/\/www.wiegel-autolackiererei.de\/index.php?rest_route=%2Fwp%2Fv2%2Fcomments&post=10181"}],"version-history":[{"count":16,"href":"https:\/\/www.wiegel-autolackiererei.de\/index.php?rest_route=\/wp\/v2\/pages\/10181\/revisions"}],"predecessor-version":[{"id":11230,"href":"https:\/\/www.wiegel-autolackiererei.de\/index.php?rest_route=\/wp\/v2\/pages\/10181\/revisions\/11230"}],"wp:attachment":[{"href":"https:\/\/www.wiegel-autolackiererei.de\/index.php?rest_route=%2Fwp%2Fv2%2Fmedia&parent=10181"}],"curies":[{"name":"wp","href":"https:\/\/api.w.org\/{rel}","templated":true}]}}