{"id":10183,"date":"2015-05-28T19:21:46","date_gmt":"2015-05-28T19:21:46","guid":{"rendered":"https:\/\/www.wiegel-autolackiererei.de\/?page_id=10183"},"modified":"2018-05-17T08:19:27","modified_gmt":"2018-05-17T08:19:27","slug":"impressum","status":"publish","type":"page","link":"https:\/\/www.wiegel-autolackiererei.de\/?page_id=10183","title":{"rendered":"Impressum"},"content":{"rendered":"<div class=\"row \"><div class=\"wpv-grid grid-1-2  wpv-first-level first unextended\" style=\"padding-top:0px;padding-bottom:0px\" id=\"wpv-column-8c32033d2548207c24336e6356740253\" ><p><a href=\"https:\/\/www.wiegel-autolackiererei.de\/wp-content\/uploads\/2015\/05\/wiegel_home.jpg\"><img loading=\"lazy\" decoding=\"async\" class=\"alignnone size-full wp-image-11060\" src=\"https:\/\/www.wiegel-autolackiererei.de\/wp-content\/uploads\/2015\/05\/wiegel_home.jpg\" alt=\"wiegel_home\" width=\"2048\" height=\"943\" srcset=\"https:\/\/www.wiegel-autolackiererei.de\/wp-content\/uploads\/2015\/05\/wiegel_home.jpg 2048w, https:\/\/www.wiegel-autolackiererei.de\/wp-content\/uploads\/2015\/05\/wiegel_home-300x138.jpg 300w, https:\/\/www.wiegel-autolackiererei.de\/wp-content\/uploads\/2015\/05\/wiegel_home-1024x472.jpg 1024w, https:\/\/www.wiegel-autolackiererei.de\/wp-content\/uploads\/2015\/05\/wiegel_home-600x276.jpg 600w, https:\/\/www.wiegel-autolackiererei.de\/wp-content\/uploads\/2015\/05\/wiegel_home-1140x525.jpg 1140w, https:\/\/www.wiegel-autolackiererei.de\/wp-content\/uploads\/2015\/05\/wiegel_home-555x256.jpg 555w, https:\/\/www.wiegel-autolackiererei.de\/wp-content\/uploads\/2015\/05\/wiegel_home-360x166.jpg 360w, https:\/\/www.wiegel-autolackiererei.de\/wp-content\/uploads\/2015\/05\/wiegel_home-262x121.jpg 262w\" sizes=\"(max-width: 2048px) 100vw, 2048px\" \/><\/a><\/div>\n<div class=\"wpv-grid grid-1-2  wpv-first-level unextended\" style=\"padding-top:0px;padding-bottom:0px\" id=\"wpv-column-9068bf4f89ab9685215c455717c0b1f6\" ><div class=\"row \"><div class=\"wpv-grid grid-1-2  first unextended\" style=\"padding-top:0px;padding-bottom:0px\" id=\"wpv-column-5d81147f3e229d315b02692f075d92be\" ><div id=\"cnt183\" class=\"dCon\">\n<p>Hans Wiegel<br \/>\nAm Galgenberg 5<br \/>\n90579 Langenzenn<\/p>\n<p>Telefon: 09101\/6266<br \/>\nTelefax: 09101\/5866<br \/>\nE-Mail: wiegel@t-online.de<br \/>\nWebsite: www.autolackiererei-wiegel.de<\/p>\n<\/div>\n<p><a href=\"https:\/\/www.wiegel-autolackiererei.de\/wp-content\/uploads\/2015\/05\/Wiegel_Firmenflyer.pdf\">download: Wiegel_Firmenflyer<\/a><\/p>\n<p><a href=\"https:\/\/www.wiegel-autolackiererei.de\/wp-content\/uploads\/2015\/05\/Wiegel-Kfz_Reparaturbedingungen_11_2015.pdf\">download AGBs: Wiegel Kfz_Reparaturbedingungen_11_2015<\/a><\/p>\n<div id=\"cnt183\" class=\"dCon\"><\/div><\/div>\n<div class=\"wpv-grid grid-1-2  unextended\" style=\"padding-top:0px;padding-bottom:0px\" id=\"wpv-column-9ee4c013eae271b5a695b7bed2199861\" ><p>Verantwortlich nach \u00a7 6 Abs.2 MDStV<\/p>\n<p>Hans Wiegel<br \/>\nAm Galgenberg 5<br \/>\n90579 Langenzenn<\/p>\n<p>Gerichtsstand: F\u00fcrth\/Bayern<br \/>\nBNR-Nummer: 68615<br \/>\nST.Nr.: 218\/288\/10305<\/div><\/div>\n<p>Umsatzsteuer-ID:<br \/>\nUmsatzsteuer-Identifikationsnummer gem\u00e4\u00df \u00a727 a Umsatzsteuergesetz:<br \/>\nDE 132 741 080<\/p>\n<p>Erlaubnispflichtige T\u00e4tigkeit:<\/p>\n<p>KFZ-Lackiererei seit 04.04.1995<\/p>\n<p>Kraftfahrzeugmechaniker Betrieb seit 04.04.1995<\/p>\n<p>Berufsrechtliche Regelungen: <a href=\"http:\/\/www.gesetze-im-internet.de\/hwo\/index.html\">Deutsche Handwerksordnung (HwO)<\/a><\/p>\n<p><a href=\"http:\/\/www.gesetze-im-internet.de\/hwo\/index.html\">http:\/\/www.gesetze-im-internet.de\/hwo\/index.html<\/a><\/p>\n<p>Zust\u00e4ndige Kammer: Handwerkskammer f\u00fcr Mittelfranken \u2022 Postfach 210105 \u2022 90119 N\u00fcrnberg<\/p>\n<p>Betriebshaftpflichtversicherung: Profi Schutz Haftpflichtversicherung # 80240490050\/oM, AXA Versicherungs AG, Bereich Firmenkunden S\u00fcd, Postfach 92 01 45, 51151 K\u00f6ln<\/p>\n<p>Mit Urteil vom 12. Mai 1998 hat das Landgericht Hamburg entschieden, dass man durch die Ausbringung eines Links die Inhalte der gelinkten Seiten ggf. mit zu verantworten hat. Dies kann nur dadurch verhindert werden, dass man sich ausdr\u00fccklich von diesem Inhalt distanziert.<\/p>\n<p>F\u00fcr alle Links auf dieser Homepage gilt: Wir distanzieren uns hiermit ausdr\u00fccklich von allen Inhalten der gelinkten Seiten unserer Internetpr\u00e4senz und machen uns deren Inhalte nicht zu Eigen.<\/p>\n<p>Hinweis nach \u00a7 36 Verbraucherstreitbeilegungsgesetz (VSBG):<\/p>\n<p>Wir, die Firma Hans Wiegel, werden nicht in einem Streitbeilegungsverfahren vor einer Verbraucherschlichtungsstelle im Sinne des VS BG teilnehmen und sind dazu auch nicht verpflichtet.<\/p>\n<p>Preisangaben: Informationen zu Preisen gem\u00e4\u00df \u00a7 DL-InfoV erteilen wir gerne auf pers\u00f6nliche Anfrage<\/p>\n<p>F\u00fcr Webinhalte Verantwortlicher: Hans Wiegel, Gesch\u00e4ftsf\u00fchrer<\/p>\n<p><strong>Haftungsausschluss: <\/strong><\/p>\n<p><strong>Haftung f\u00fcr Inhalte<\/strong><\/p>\n<p>Die Inhalte unserer Seiten wurden mit gr\u00f6\u00dfter Sorgfalt erstellt. F\u00fcr die Richtigkeit, Vollst\u00e4ndigkeit und Aktualit\u00e4t der Inhalte k\u00f6nnen wir jedoch keine Gew\u00e4hr \u00fcbernehmen. Als Diensteanbieter sind wir gem\u00e4\u00df \u00a7 7 Abs.1 TMG f\u00fcr eigene Inhalte auf diesen Seiten nach den allgemeinen Gesetzen verantwortlich. Nach \u00a7\u00a7 8 bis 10 TMG sind wir als Diensteanbieter jedoch nicht verpflichtet, \u00fcbermittelte oder gespeicherte fremde Informationen zu \u00fcberwachen oder nach Umst\u00e4nden zu forschen, die auf eine rechtswidrige T\u00e4tigkeit hinweisen. Verpflichtungen zur Entfernung oder Sperrung der Nutzung von Informationen nach den allgemeinen Gesetzen bleiben hiervon unber\u00fchrt. Eine diesbez\u00fcgliche Haftung ist jedoch erst ab dem Zeitpunkt der Kenntnis einer konkreten Rechtsverletzung m\u00f6glich. Bei Bekanntwerden von entsprechenden Rechtsverletzungen werden wir diese Inhalte umgehend entfernen.<\/p>\n<p><strong>Haftung f\u00fcr Links<\/strong><\/p>\n<p>Unser Angebot enth\u00e4lt Links zu externen Webseiten Dritter, auf deren Inhalte wir keinen Einfluss haben. Deshalb k\u00f6nnen wir f\u00fcr diese fremden Inhalte auch keine Gew\u00e4hr \u00fcbernehmen. F\u00fcr die Inhalte der verlinkten Seiten ist stets der jeweilige Anbieter oder Betreiber der Seiten verantwortlich. Die verlinkten Seiten wurden zum Zeitpunkt der Verlinkung auf m\u00f6gliche Rechtsverst\u00f6\u00dfe \u00fcberpr\u00fcft. Rechtswidrige Inhalte waren zum Zeitpunkt der Verlinkung nicht erkennbar. Eine permanente inhaltliche Kontrolle der verlinkten Seiten ist jedoch ohne konkrete Anhaltspunkte einer Rechtsverletzung nicht zumutbar. Bei Bekanntwerden von Rechtsverletzungen werden wir derartige Links umgehend entfernen.<\/p>\n<p><strong>Urheberrecht<\/strong><\/p>\n<p>Die durch die Seitenbetreiber erstellten Inhalte und Werke auf diesen Seiten unterliegen dem deutschen Urheberrecht. Die Vervielf\u00e4ltigung, Bearbeitung, Verbreitung und jede Art der Verwertung au\u00dferhalb der Grenzen des Urheberrechtes bed\u00fcrfen der schriftlichen Zustimmung des jeweiligen Autors bzw. Erstellers. Downloads und Kopien dieser Seite sind nur f\u00fcr den privaten, nicht kommerziellen Gebrauch gestattet. Soweit die Inhalte auf dieser Seite nicht vom Betreiber erstellt wurden, werden die Urheberrechte Dritter beachtet. Insbesondere werden Inhalte Dritter als solche gekennzeichnet. Sollten Sie trotzdem auf eine Urheberrechtsverletzung aufmerksam werden, bitten wir um einen entsprechenden Hinweis. Bei Bekanntwerden von Rechtsverletzungen werden wir derartige Inhalte umgehend entfernen.<\/p>\n<p><strong>Hinweis auf EU-Streitschlichtung:<br \/>\n<\/strong><\/p>\n<p>Die durch die Seitenbetreiber erstellten Inhalte und Werke auf diesen Seiten unterliegen dem<\/p>\n<p>Die Europ\u00e4ische Kommission stellt eine Plattform zur Online-Streitbeilegung (OS) bereit:<\/p>\n<p><a href=\"http:\/\/ec.europa.eu\/consumers\/odr\"><strong>http:\/\/ec.europa.eu\/consumers\/odr<\/strong><\/a><\/p>\n<p>Unsere E-Mail-Adresse finden sie oben im Impressum.<\/div><\/div>\n","protected":false},"excerpt":{"rendered":"","protected":false},"author":1,"featured_media":0,"parent":0,"menu_order":0,"comment_status":"closed","ping_status":"open","template":"","meta":{"footnotes":""},"class_list":["post-10183","page","type-page","status-publish","hentry"],"_links":{"self":[{"href":"https:\/\/www.wiegel-autolackiererei.de\/index.php?rest_route=\/wp\/v2\/pages\/10183"}],"collection":[{"href":"https:\/\/www.wiegel-autolackiererei.de\/index.php?rest_route=\/wp\/v2\/pages"}],"about":[{"href":"https:\/\/www.wiegel-autolackiererei.de\/index.php?rest_route=\/wp\/v2\/types\/page"}],"author":[{"embeddable":true,"href":"https:\/\/www.wiegel-autolackiererei.de\/index.php?rest_route=\/wp\/v2\/users\/1"}],"replies":[{"embeddable":true,"href":"https:\/\/www.wiegel-autolackiererei.de\/index.php?rest_route=%2Fwp%2Fv2%2Fcomments&post=10183"}],"version-history":[{"count":31,"href":"https:\/\/www.wiegel-autolackiererei.de\/index.php?rest_route=\/wp\/v2\/pages\/10183\/revisions"}],"predecessor-version":[{"id":11408,"href":"https:\/\/www.wiegel-autolackiererei.de\/index.php?rest_route=\/wp\/v2\/pages\/10183\/revisions\/11408"}],"wp:attachment":[{"href":"https:\/\/www.wiegel-autolackiererei.de\/index.php?rest_route=%2Fwp%2Fv2%2Fmedia&parent=10183"}],"curies":[{"name":"wp","href":"https:\/\/api.w.org\/{rel}","templated":true}]}}