{"id":10233,"date":"2015-06-02T15:28:27","date_gmt":"2015-06-02T15:28:27","guid":{"rendered":"https:\/\/www.wiegel-autolackiererei.de\/?page_id=10233"},"modified":"2015-10-18T16:58:35","modified_gmt":"2015-10-18T16:58:35","slug":"pkw-lackierung","status":"publish","type":"page","link":"https:\/\/www.wiegel-autolackiererei.de\/?page_id=10233","title":{"rendered":"PKW-Lackierung"},"content":{"rendered":"<div class=\"row \"><div class=\"wpv-grid grid-1-2  wpv-first-level first unextended\" style=\"padding-top:0px;padding-bottom:0px\" id=\"wpv-column-145a550b828c74e8f296b470ceb1d6f8\" >\n\t\t\t<!-- START kfzlackierung REVOLUTION SLIDER 6.2.23 --><p class=\"rs-p-wp-fix\"><\/p>\n\t\t\t<rs-module-wrap id=\"rev_slider_28_1_wrapper\" data-source=\"gallery\" style=\"background:#E9E9E9;padding:0;margin:0px auto;margin-top:0;margin-bottom:0;\">\n\t\t\t\t<rs-module id=\"rev_slider_28_1\" style=\"\" data-version=\"6.2.23\">\n\t\t\t\t\t<rs-slides>\n\t\t\t\t\t\t<rs-slide data-key=\"rs-112\" data-title=\"Slide\" data-anim=\"ei:d;eo:d;r:0;t:fade;sl:7;\">\n\t\t\t\t\t\t\t<img decoding=\"async\" src=\"\/\/www.wiegel-autolackiererei.de\/wp-content\/uploads\/2015\/09\/audi_0.jpg\" title=\"PKW-Lackierung\" class=\"rev-slidebg\" data-no-retina>\n<!---->\t\t\t\t\t\t<\/rs-slide>\n\t\t\t\t\t\t<rs-slide data-key=\"rs-113\" data-title=\"Slide\" data-anim=\"ei:d;eo:d;r:0;t:fade;sl:7;\">\n\t\t\t\t\t\t\t<img decoding=\"async\" src=\"\/\/www.wiegel-autolackiererei.de\/wp-content\/uploads\/2015\/09\/audi_1.jpg\" title=\"PKW-Lackierung\" class=\"rev-slidebg\" data-no-retina>\n<!---->\t\t\t\t\t\t<\/rs-slide>\n\t\t\t\t\t\t<rs-slide data-key=\"rs-119\" data-title=\"Slide\" data-anim=\"ei:d;eo:d;r:0;t:fade;sl:7;\">\n\t\t\t\t\t\t\t<img decoding=\"async\" src=\"\/\/www.wiegel-autolackiererei.de\/wp-content\/uploads\/2015\/10\/K1024_DSC_3396_opel.jpg\" title=\"PKW-Lackierung\" class=\"rev-slidebg\" data-no-retina>\n<!---->\t\t\t\t\t\t<\/rs-slide>\n\t\t\t\t\t\t<rs-slide data-key=\"rs-69\" data-title=\"Slide\" data-anim=\"ei:d;eo:d;s:300;r:0;t:random;sl:7;\">\n\t\t\t\t\t\t\t<img decoding=\"async\" src=\"\/\/www.wiegel-autolackiererei.de\/wp-content\/uploads\/2016\/03\/Golf1_Cabrio_Tech_violett_perl.jpg\" title=\"PKW-Lackierung\" data-bg=\"p:center top;\" class=\"rev-slidebg\" data-no-retina>\n<!---->\t\t\t\t\t\t<\/rs-slide>\n\t\t\t\t\t\t<rs-slide data-key=\"rs-70\" data-title=\"Slide\" data-anim=\"ei:d;eo:d;r:0;t:fade;sl:7;\">\n\t\t\t\t\t\t\t<img decoding=\"async\" src=\"\/\/www.wiegel-autolackiererei.de\/wp-content\/uploads\/2015\/07\/lackierung4.jpg\" title=\"PKW-Lackierung\" class=\"rev-slidebg\" data-no-retina>\n<!---->\t\t\t\t\t\t<\/rs-slide>\n\t\t\t\t\t\t<rs-slide data-key=\"rs-120\" data-title=\"Slide\" data-anim=\"ei:d;eo:d;r:0;t:fade;sl:7;\">\n\t\t\t\t\t\t\t<img decoding=\"async\" src=\"\/\/www.wiegel-autolackiererei.de\/wp-content\/uploads\/2015\/10\/K1024_DSC_3638_Audi.jpg\" title=\"PKW-Lackierung\" class=\"rev-slidebg\" data-no-retina>\n<!---->\t\t\t\t\t\t<\/rs-slide>\n\t\t\t\t\t\t<rs-slide data-key=\"rs-72\" data-title=\"Slide\" data-anim=\"ei:d;eo:d;r:0;t:fade;sl:7;\">\n\t\t\t\t\t\t\t<img decoding=\"async\" src=\"\/\/www.wiegel-autolackiererei.de\/wp-content\/uploads\/2015\/07\/lackierung6.jpg\" title=\"PKW-Lackierung\" class=\"rev-slidebg\" data-no-retina>\n<!---->\t\t\t\t\t\t<\/rs-slide>\n\t\t\t\t\t\t<rs-slide data-key=\"rs-67\" data-title=\"Slide\" data-anim=\"ei:d;eo:d;r:0;t:fade;sl:7;\">\n\t\t\t\t\t\t\t<img decoding=\"async\" src=\"\/\/www.wiegel-autolackiererei.de\/wp-content\/uploads\/2015\/07\/Lackierung1.jpg\" title=\"PKW-Lackierung\" class=\"rev-slidebg\" data-no-retina>\n<!---->\t\t\t\t\t\t<\/rs-slide>\n\t\t\t\t\t\t<rs-slide data-key=\"rs-71\" data-title=\"Slide\" data-anim=\"ei:d;eo:d;r:0;t:fade;sl:7;\">\n\t\t\t\t\t\t\t<img decoding=\"async\" src=\"\/\/www.wiegel-autolackiererei.de\/wp-content\/uploads\/2015\/07\/lackierung5.jpg\" title=\"PKW-Lackierung\" class=\"rev-slidebg\" data-no-retina>\n<!---->\t\t\t\t\t\t<\/rs-slide>\n\t\t\t\t\t\t<rs-slide data-key=\"rs-118\" data-title=\"Slide\" data-anim=\"ei:d;eo:d;r:0;t:fade;sl:7;\">\n\t\t\t\t\t\t\t<img decoding=\"async\" src=\"\/\/www.wiegel-autolackiererei.de\/wp-content\/uploads\/2015\/10\/K1024_DSC_3499_Golf.jpg\" title=\"PKW-Lackierung\" class=\"rev-slidebg\" data-no-retina>\n<!---->\t\t\t\t\t\t<\/rs-slide>\n\t\t\t\t\t\t<rs-slide data-key=\"rs-74\" data-title=\"Slide\" data-anim=\"ei:d;eo:d;r:0;t:fade;sl:7;\">\n\t\t\t\t\t\t\t<img decoding=\"async\" src=\"\/\/www.wiegel-autolackiererei.de\/wp-content\/uploads\/2015\/07\/lackierung8.jpg\" title=\"PKW-Lackierung\" class=\"rev-slidebg\" data-no-retina>\n<!---->\t\t\t\t\t\t<\/rs-slide>\n\t\t\t\t\t\t<rs-slide data-key=\"rs-75\" data-title=\"Slide\" data-anim=\"ei:d;eo:d;r:0;t:fade;sl:7;\">\n\t\t\t\t\t\t\t<img decoding=\"async\" src=\"\/\/www.wiegel-autolackiererei.de\/wp-content\/uploads\/2015\/07\/lackierung9.jpg\" title=\"PKW-Lackierung\" class=\"rev-slidebg\" data-no-retina>\n<!---->\t\t\t\t\t\t<\/rs-slide>\n\t\t\t\t\t<\/rs-slides>\n\t\t\t\t<\/rs-module>\n\t\t\t<\/rs-module-wrap>\n\t\t\t<!-- END REVOLUTION SLIDER -->\n<\/div>\n<div class=\"wpv-grid grid-1-2  wpv-first-level unextended\" style=\"padding-top:0px;padding-bottom:0px\" id=\"wpv-column-13ea6194e7542af3d28d36c9599ddc1f\" ><p>Als Fachbetrieb\u00a0sorgen wir\u00a0f\u00fcr eine professionelle Autolackierung aus Meisterhand. Durch den Einsatz modernster Lackiertechniken k\u00f6nnen wir Ihnen absolute Farbtreue und maximalen Umweltschutz garantieren. Die Farben werden von uns\u00a0durch computergesteuerte Mischanlagen hergestellt.<\/p>\n<p>Handwerkliche Qualit\u00e4tsarbeit ist f\u00fcr uns Pflicht. Besonderen Wert legen wir auf Farbtongenauigkeit und Oberfl\u00e4chengleichheit.<\/p>\n<p>Einzelne Kotfl\u00fcgel, Alufelgen oder Sto\u00dfstangen stellen somit f\u00fcr uns kein Problem dar. Als\u00a0Innungsmeisterbetrieb\u00a0sind wir gerne in allen Belangen rund um die professionelle Kfz-Lackierung f\u00fcr Sie da!<\/p>\n<h3><\/h3><\/div><\/div>\n\t\t<div class=\"sep-text single centered\">\n\t\t\t\t\t\t\t<span class=\"sep-text-before\"><div class=\"sep-text-line\"><\/div><\/span>\n\t\t\t\t\t\t<div class=\"content\">\n\t\t\t\t<h2 class=\"regular-title-wrapper\">\t\t\t\t\t\nMotorradlackierung\t\t\t\t<\/h2>\t\t\t<\/div>\n\t\t\t<span class=\"sep-text-after\"><div class=\"sep-text-line\"><\/div><\/span>\n\t\t\t\t\t<\/div>\n\t\n<div class=\"row \"><div class=\"wpv-grid grid-1-2  wpv-first-level first unextended\" style=\"padding-top:0px;padding-bottom:0px\" id=\"wpv-column-7c298458966d787a2853e03f714a658c\" ><p><a href=\"https:\/\/www.wiegel-autolackiererei.de\/wp-content\/uploads\/2015\/06\/motrrad1.jpg\"><img loading=\"lazy\" decoding=\"async\" class=\"alignnone size-full wp-image-10525\" src=\"https:\/\/www.wiegel-autolackiererei.de\/wp-content\/uploads\/2015\/06\/motrrad1.jpg\" alt=\"motrrad1\" width=\"448\" height=\"336\" srcset=\"https:\/\/www.wiegel-autolackiererei.de\/wp-content\/uploads\/2015\/06\/motrrad1.jpg 448w, https:\/\/www.wiegel-autolackiererei.de\/wp-content\/uploads\/2015\/06\/motrrad1-300x225.jpg 300w, https:\/\/www.wiegel-autolackiererei.de\/wp-content\/uploads\/2015\/06\/motrrad1-360x270.jpg 360w, https:\/\/www.wiegel-autolackiererei.de\/wp-content\/uploads\/2015\/06\/motrrad1-262x197.jpg 262w\" sizes=\"(max-width: 448px) 100vw, 448px\" \/><\/a><\/div>\n<div class=\"wpv-grid grid-1-2  wpv-first-level unextended\" style=\"padding-top:0px;padding-bottom:0px\" id=\"wpv-column-5a529c74e7e422e83eee4e465816e618\" ><p>Wir lackieren Motorr\u00e4der aller Fabrikate und Epochen. Custombike oder Oldtimer &#8211; wir erf\u00fcllen Ihnen jeden Wunsch.<\/p>\n<p>F\u00fcr stumpfe Lacke, Kratzer, Schrammen oder Beulen haben wir die richtige L\u00f6sung parat und liefern Ihnen ein perfektes Ergebnis.<\/p>\n<p>Mit unserer mehr als 20-j\u00e4hrigen Berufserfahrung garantieren wir Ihnen eine fachliche Kompetenz und Zuverl\u00e4ssigkeit zu fairen Preisen.<\/div><\/div>\n\t\t<div class=\"sep-text single centered\">\n\t\t\t\t\t\t\t<span class=\"sep-text-before\"><div class=\"sep-text-line\"><\/div><\/span>\n\t\t\t\t\t\t<div class=\"content\">\n\t\t\t\t<h2 class=\"regular-title-wrapper\">\t\t\t\t\t\nNutzfahrzeuglackierung\t\t\t\t<\/h2>\t\t\t<\/div>\n\t\t\t<span class=\"sep-text-after\"><div class=\"sep-text-line\"><\/div><\/span>\n\t\t\t\t\t<\/div>\n\t\n<div class=\"row \"><div class=\"wpv-grid grid-1-2  wpv-first-level first unextended\" style=\"padding-top:0px;padding-bottom:0px\" id=\"wpv-column-61fbab4c628220e277a00c437a30540d\" >\n\t\t\t<!-- START nutz REVOLUTION SLIDER 6.2.23 --><p class=\"rs-p-wp-fix\"><\/p>\n\t\t\t<rs-module-wrap id=\"rev_slider_27_2_wrapper\" data-source=\"gallery\" style=\"background:#E9E9E9;padding:0;margin:0px auto;margin-top:0;margin-bottom:0;\">\n\t\t\t\t<rs-module id=\"rev_slider_27_2\" style=\"\" data-version=\"6.2.23\">\n\t\t\t\t\t<rs-slides>\n\t\t\t\t\t\t<rs-slide data-key=\"rs-64\" data-title=\"Slide\" data-anim=\"ei:d;eo:d;r:0;t:fade;sl:7;\">\n\t\t\t\t\t\t\t<img decoding=\"async\" src=\"\/\/www.wiegel-autolackiererei.de\/wp-content\/uploads\/2015\/07\/nutz1.jpg\" title=\"PKW-Lackierung\" class=\"rev-slidebg\" data-no-retina>\n<!---->\t\t\t\t\t\t<\/rs-slide>\n\t\t\t\t\t\t<rs-slide data-key=\"rs-65\" data-title=\"Slide\" data-anim=\"ei:d;eo:d;r:0;t:fade;sl:7;\">\n\t\t\t\t\t\t\t<img decoding=\"async\" src=\"\/\/www.wiegel-autolackiererei.de\/wp-content\/uploads\/2015\/07\/nutz2.jpg\" title=\"PKW-Lackierung\" class=\"rev-slidebg\" data-no-retina>\n<!---->\t\t\t\t\t\t<\/rs-slide>\n\t\t\t\t\t\t<rs-slide data-key=\"rs-66\" data-title=\"Slide\" data-anim=\"ei:d;eo:d;r:0;t:fade;sl:7;\">\n\t\t\t\t\t\t\t<img decoding=\"async\" src=\"\/\/www.wiegel-autolackiererei.de\/wp-content\/uploads\/2015\/07\/nutz3.jpg\" title=\"PKW-Lackierung\" class=\"rev-slidebg\" data-no-retina>\n<!---->\t\t\t\t\t\t<\/rs-slide>\n\t\t\t\t\t<\/rs-slides>\n\t\t\t\t<\/rs-module>\n\t\t\t<\/rs-module-wrap>\n\t\t\t<!-- END REVOLUTION SLIDER -->\n<\/div>\n<div class=\"wpv-grid grid-1-2  wpv-first-level unextended\" style=\"padding-top:0px;padding-bottom:0px\" id=\"wpv-column-df4d93bdb4fd0e0551565d701b472a5b\" ><p>Neue und gebrauchte Nutzfahrzeuge erstrahlen im neuen Glanz.<\/p>\n<p>Sie wollen Ihr Erscheinungsbild \u00e4ndern oder Ihren Fuhrpark in einem einheitlichen Farbton lackieren lassen? Dann sind Sie bei uns richtig! Wir lackieren Ihre Baumaschinen und Fahrzeuge neu!<\/p>\n<p>Unser Team verf\u00fcgt \u00fcber das Know-how und die daf\u00fcr notwendige Ausstattung, die Ihren hohen Anspr\u00fcchen gerecht wird.<\/p>\n<p>Um ein optimales Lackierergebnis erzielen zu k\u00f6nnen, m\u00fcssen die Fahrzeuge nach der Anlieferung gr\u00fcndlich gewaschen werden. Hierbei ist es sehr wichtig, dass der gesamte Untergrund von s\u00e4mtlichen \u00d6l- und Fettr\u00fcckst\u00e4nden, die noch am Fahrzeug hafteten, gereinigt wird.<\/p>\n<p>Die Lackierung der Nutzfahrzeuge wird in einer speziellen, extra auf die Bed\u00fcrfnisse abgestimmten Lackierbox durchgef\u00fchrt.<\/p>\n<p>Alles aus Meisterhand!<\/div><\/div>\n\t\t<div class=\"sep-text single centered\">\n\t\t\t\t\t\t\t<span class=\"sep-text-before\"><div class=\"sep-text-line\"><\/div><\/span>\n\t\t\t\t\t\t<div class=\"content\">\n\t\t\t\t<h2 class=\"regular-title-wrapper\">\t\t\t\t\t\nSmart-Spot-Repair\t\t\t\t<\/h2>\t\t\t<\/div>\n\t\t\t<span class=\"sep-text-after\"><div class=\"sep-text-line\"><\/div><\/span>\n\t\t\t\t\t<\/div>\n\t\n<div class=\"row \"><div class=\"wpv-grid grid-1-2  wpv-first-level first unextended\" style=\"padding-top:0px;padding-bottom:0px\" id=\"wpv-column-c21fe9eaf42d608065ce6c4786dd3f89\" >\n\t\t\t<!-- START smartspot REVOLUTION SLIDER 6.2.23 --><p class=\"rs-p-wp-fix\"><\/p>\n\t\t\t<rs-module-wrap id=\"rev_slider_23_3_wrapper\" data-source=\"gallery\" style=\"background:#E9E9E9;padding:0;margin:0px auto;margin-top:0;margin-bottom:0;\">\n\t\t\t\t<rs-module id=\"rev_slider_23_3\" style=\"\" data-version=\"6.2.23\">\n\t\t\t\t\t<rs-slides>\n\t\t\t\t\t\t<rs-slide data-key=\"rs-49\" data-title=\"Slide\" data-anim=\"ei:d;eo:d;r:0;t:fade;sl:7;\">\n\t\t\t\t\t\t\t<img decoding=\"async\" src=\"\/\/www.wiegel-autolackiererei.de\/wp-content\/uploads\/2015\/07\/IMG_0920.jpg\" title=\"PKW-Lackierung\" class=\"rev-slidebg\" data-no-retina>\n<!---->\t\t\t\t\t\t<\/rs-slide>\n\t\t\t\t\t\t<rs-slide data-key=\"rs-50\" data-title=\"Slide\" data-anim=\"ei:d;eo:d;r:0;t:fade;sl:7;\">\n\t\t\t\t\t\t\t<img decoding=\"async\" src=\"\/\/www.wiegel-autolackiererei.de\/wp-content\/uploads\/2015\/07\/NEA-QW71_Seitenschaden-2.jpg\" title=\"PKW-Lackierung\" class=\"rev-slidebg\" data-no-retina>\n<!---->\t\t\t\t\t\t<\/rs-slide>\n\t\t\t\t\t\t<rs-slide data-key=\"rs-51\" data-title=\"Slide\" data-anim=\"ei:d;eo:d;r:0;t:fade;sl:7;\">\n\t\t\t\t\t\t\t<img decoding=\"async\" src=\"\/\/www.wiegel-autolackiererei.de\/wp-content\/uploads\/2015\/08\/23-juli-08-005.jpg\" title=\"PKW-Lackierung\" class=\"rev-slidebg\" data-no-retina>\n<!---->\t\t\t\t\t\t<\/rs-slide>\n\t\t\t\t\t\t<rs-slide data-key=\"rs-52\" data-title=\"Slide\" data-anim=\"ei:d;eo:d;r:0;t:fade;sl:7;\">\n\t\t\t\t\t\t\t<img decoding=\"async\" src=\"\/\/www.wiegel-autolackiererei.de\/wp-content\/uploads\/2015\/08\/E-006.jpg\" title=\"PKW-Lackierung\" class=\"rev-slidebg\" data-no-retina>\n<!---->\t\t\t\t\t\t<\/rs-slide>\n\t\t\t\t\t<\/rs-slides>\n\t\t\t\t<\/rs-module>\n\t\t\t<\/rs-module-wrap>\n\t\t\t<!-- END REVOLUTION SLIDER -->\n<\/div>\n<div class=\"wpv-grid grid-1-2  wpv-first-level unextended\" style=\"padding-top:0px;padding-bottom:0px\" id=\"wpv-column-2faa5f2c00b9641d233419a5664df3d0\" ><p>Smart-Spot-Repair ist die Behebung von kleinen Lacksch\u00e4den am Fahrzeug. Kleine Besch\u00e4digungen am Lack werden punktgenau (SPOT = englisch f\u00fcr Punkt) und meistens ohne Demontage instand gesetzt. Lackiert wird mit einer speziellen Lackpistole.<\/p>\n<p>Interessant bei Leasingfahrzeugen: Bei der R\u00fcckgabe des Fahrzeugs entstehen oft erhebliche Kosten, da entstandene Gebrauchsspuren dem Kunden voll in Rechnung gestellt werden. Betr\u00e4ge von mehreren hundert Euro sind diesbez\u00fcglich heutzutage keine Seltenheit mehr, eher der Normfall. Vor allem bei gerissenen oder verformten Sto\u00dff\u00e4ngern und Kunststoffteilen berechnet der Leasinggeber den Austausch eines Neuteils plus Lackierung und Montagearbeiten.<br \/>\nWir bieten wir Ihnen an, diverse Abnutzungen oder respektive Besch\u00e4digungen vor der R\u00fcckgabe Ihres Fahrzeuges zu beseitigen und so Ihre Kosten zwischen 50% und 70% zu senken.<\/div><\/div>\n\t\t<div class=\"sep-text single centered\">\n\t\t\t\t\t\t\t<span class=\"sep-text-before\"><div class=\"sep-text-line\"><\/div><\/span>\n\t\t\t\t\t\t<div class=\"content\">\n\t\t\t\t<h2 class=\"regular-title-wrapper\">\t\t\t\t\t\nMeisterhafte Lackaufbereitung\t\t\t\t<\/h2>\t\t\t<\/div>\n\t\t\t<span class=\"sep-text-after\"><div class=\"sep-text-line\"><\/div><\/span>\n\t\t\t\t\t<\/div>\n\t\n<div class=\"row \"><div class=\"wpv-grid grid-1-2  wpv-first-level first unextended\" style=\"padding-top:0px;padding-bottom:0px\" id=\"wpv-column-73557ed75ba5e630a180d78ccf5d305a\" ><p><a href=\"https:\/\/www.wiegel-autolackiererei.de\/wp-content\/uploads\/2015\/06\/aufbereitung.jpg\"><img loading=\"lazy\" decoding=\"async\" class=\"alignnone size-full wp-image-10462\" src=\"https:\/\/www.wiegel-autolackiererei.de\/wp-content\/uploads\/2015\/06\/aufbereitung.jpg\" alt=\"aufbereitung\" width=\"2448\" height=\"1975\" srcset=\"https:\/\/www.wiegel-autolackiererei.de\/wp-content\/uploads\/2015\/06\/aufbereitung.jpg 2448w, https:\/\/www.wiegel-autolackiererei.de\/wp-content\/uploads\/2015\/06\/aufbereitung-300x242.jpg 300w, https:\/\/www.wiegel-autolackiererei.de\/wp-content\/uploads\/2015\/06\/aufbereitung-1024x826.jpg 1024w, https:\/\/www.wiegel-autolackiererei.de\/wp-content\/uploads\/2015\/06\/aufbereitung-600x484.jpg 600w, https:\/\/www.wiegel-autolackiererei.de\/wp-content\/uploads\/2015\/06\/aufbereitung-1140x920.jpg 1140w, https:\/\/www.wiegel-autolackiererei.de\/wp-content\/uploads\/2015\/06\/aufbereitung-555x448.jpg 555w, https:\/\/www.wiegel-autolackiererei.de\/wp-content\/uploads\/2015\/06\/aufbereitung-360x290.jpg 360w, https:\/\/www.wiegel-autolackiererei.de\/wp-content\/uploads\/2015\/06\/aufbereitung-262x211.jpg 262w\" sizes=\"(max-width: 2448px) 100vw, 2448px\" \/><\/a><\/div>\n<div class=\"wpv-grid grid-1-2  wpv-first-level unextended\" style=\"padding-top:0px;padding-bottom:0px\" id=\"wpv-column-52525d6cf124f6f6579a73369402c3d0\" ><p>Professionelle Lackaufbereitung, die bevorzugt bei einem Meisterbetrieb durchgef\u00fchrt werden sollte, hilft Ihnen den Lack Ihres Autos vor dem typischen Verfall w\u00e4hrend des Autolebens zu sch\u00fctzen. Wenn Sie sich \u00e4ltere Autos ansehen, werden Sie feststellen, dass trotz einer regelm\u00e4\u00dfigen Reinigung deutliche Gebrauchsspuren festzustellen sind. Der Lack ist oftmals verkratzt und fleckig sowie im Lauf der Jahre stumpf geworden (rote Autos). Das beeintr\u00e4chtigt sowohl die Optik als auch den Wiederverkaufswert Ihres Autos erheblich. Es ist immer wieder festzustellen, dass ein intakter gl\u00e4nzender Lack nach einer Aufbereitung hilft, einen deutlich h\u00f6heren Preis zu erzielen. Um den Lack zu sch\u00fctzen und zu erhalten, ist eine Lackaufbereitung zwei Mal im Jahr empfohlen.<br \/>\nUm wirklich ein entsprechendes Resultat zu erzielen und damit die oben beschriebenen gew\u00fcnschten Effekte zu erzielen, ist eine umfassende Ausstattung, wie eine Hebeb\u00fchne, eine passende Abwasserentsorgung, Chemikalien und Reinigungsmittel, technische Ger\u00e4tschaften usw., notwendig. Zus\u00e4tzlich zur Ausstattung ist eine umfassende Ausbildung und Weiterbildung notwendig.<\/div><\/div>\n\t\t<div class=\"sep-text single centered\">\n\t\t\t\t\t\t\t<span class=\"sep-text-before\"><div class=\"sep-text-line\"><\/div><\/span>\n\t\t\t\t\t\t<div class=\"content\">\n\t\t\t\t<h2 class=\"regular-title-wrapper\">\t\t\t\t\t\nDesign\t\t\t\t<\/h2>\t\t\t<\/div>\n\t\t\t<span class=\"sep-text-after\"><div class=\"sep-text-line\"><\/div><\/span>\n\t\t\t\t\t<\/div>\n\t\n<div class=\"row \"><div class=\"wpv-grid grid-1-2  wpv-first-level first unextended\" style=\"padding-top:0px;padding-bottom:0px\" id=\"wpv-column-b697e16ba1d5bc8914ba77699daac93c\" >\n\t\t\t<!-- START hubschrauber REVOLUTION SLIDER 6.2.23 --><p class=\"rs-p-wp-fix\"><\/p>\n\t\t\t<rs-module-wrap id=\"rev_slider_29_4_wrapper\" data-source=\"gallery\" style=\"background:#E9E9E9;padding:0;margin:0px auto;margin-top:0;margin-bottom:0;\">\n\t\t\t\t<rs-module id=\"rev_slider_29_4\" style=\"\" data-version=\"6.2.23\">\n\t\t\t\t\t<rs-slides>\n\t\t\t\t\t\t<rs-slide data-key=\"rs-151\" data-title=\"Slide\" data-anim=\"ei:d;eo:d;r:0;t:fade;sl:7;\">\n\t\t\t\t\t\t\t<img decoding=\"async\" src=\"\/\/www.wiegel-autolackiererei.de\/wp-content\/uploads\/2016\/03\/Mini-Wohnwagen_Westenfelder_01.jpg\" title=\"PKW-Lackierung\" class=\"rev-slidebg\" data-no-retina>\n<!---->\t\t\t\t\t\t<\/rs-slide>\n\t\t\t\t\t\t<rs-slide data-key=\"rs-152\" data-title=\"Slide\" data-anim=\"ei:d;eo:d;r:0;t:fade;sl:7;\">\n\t\t\t\t\t\t\t<img decoding=\"async\" src=\"\/\/www.wiegel-autolackiererei.de\/wp-content\/uploads\/2016\/03\/Mini-Wohnwagen_Westenfelder_20.jpg\" title=\"PKW-Lackierung\" class=\"rev-slidebg\" data-no-retina>\n<!---->\t\t\t\t\t\t<\/rs-slide>\n\t\t\t\t\t\t<rs-slide data-key=\"rs-77\" data-title=\"Slide\" data-anim=\"ei:d;eo:d;r:0;t:fade;sl:7;\">\n\t\t\t\t\t\t\t<img decoding=\"async\" src=\"\/\/www.wiegel-autolackiererei.de\/wp-content\/uploads\/2015\/07\/hubschrauber3.jpg\" title=\"PKW-Lackierung\" class=\"rev-slidebg\" data-no-retina>\n<!---->\t\t\t\t\t\t<\/rs-slide>\n\t\t\t\t\t\t<rs-slide data-key=\"rs-78\" data-title=\"Slide\" data-anim=\"ei:d;eo:d;r:0;t:fade;sl:7;\">\n\t\t\t\t\t\t\t<img decoding=\"async\" src=\"\/\/www.wiegel-autolackiererei.de\/wp-content\/uploads\/2015\/06\/IMG_0055-2.jpg\" title=\"PKW-Lackierung\" class=\"rev-slidebg\" data-no-retina>\n<!---->\t\t\t\t\t\t<\/rs-slide>\n\t\t\t\t\t<\/rs-slides>\n\t\t\t\t<\/rs-module>\n\t\t\t<\/rs-module-wrap>\n\t\t\t<!-- END REVOLUTION SLIDER -->\n<\/div>\n<div class=\"wpv-grid grid-1-2  wpv-first-level unextended\" style=\"padding-top:0px;padding-bottom:0px\" id=\"wpv-column-8e8392ec05632b972cb95a3c0f3d4235\" ><p>Als kreativer Meisterbetrieb stehen wir Ihnen mit Rat und Tat zur Seite, um Ihren individuellen Lackierwunsch perfekt auf das Fahrzeug zu \u00fcbertragen.<br \/>\nMit h\u00f6chster handwerklicher Performance und ideenreichtum k\u00f6nnen wir Ihre individuellen Design-W\u00fcnsche umsetzen &#8211; ganz gleich, ob Auto oder Motorrad oder einfach gesagt, alles was sich lackieren l\u00e4\u00dft.<br \/>\nGerne nehmen wir Sie mit auf die Reise in die Welt der Farben.<\/div><\/div>\n","protected":false},"excerpt":{"rendered":"","protected":false},"author":1,"featured_media":0,"parent":0,"menu_order":0,"comment_status":"closed","ping_status":"open","template":"","meta":{"footnotes":""},"class_list":["post-10233","page","type-page","status-publish","hentry"],"_links":{"self":[{"href":"https:\/\/www.wiegel-autolackiererei.de\/index.php?rest_route=\/wp\/v2\/pages\/10233"}],"collection":[{"href":"https:\/\/www.wiegel-autolackiererei.de\/index.php?rest_route=\/wp\/v2\/pages"}],"about":[{"href":"https:\/\/www.wiegel-autolackiererei.de\/index.php?rest_route=\/wp\/v2\/types\/page"}],"author":[{"embeddable":true,"href":"https:\/\/www.wiegel-autolackiererei.de\/index.php?rest_route=\/wp\/v2\/users\/1"}],"replies":[{"embeddable":true,"href":"https:\/\/www.wiegel-autolackiererei.de\/index.php?rest_route=%2Fwp%2Fv2%2Fcomments&post=10233"}],"version-history":[{"count":17,"href":"https:\/\/www.wiegel-autolackiererei.de\/index.php?rest_route=\/wp\/v2\/pages\/10233\/revisions"}],"predecessor-version":[{"id":11172,"href":"https:\/\/www.wiegel-autolackiererei.de\/index.php?rest_route=\/wp\/v2\/pages\/10233\/revisions\/11172"}],"wp:attachment":[{"href":"https:\/\/www.wiegel-autolackiererei.de\/index.php?rest_route=%2Fwp%2Fv2%2Fmedia&parent=10233"}],"curies":[{"name":"wp","href":"https:\/\/api.w.org\/{rel}","templated":true}]}}