{"id":10247,"date":"2015-06-02T15:46:45","date_gmt":"2015-06-02T15:46:45","guid":{"rendered":"https:\/\/www.wiegel-autolackiererei.de\/?page_id=10247"},"modified":"2015-10-18T17:10:23","modified_gmt":"2015-10-18T17:10:23","slug":"inspektion","status":"publish","type":"page","link":"https:\/\/www.wiegel-autolackiererei.de\/?page_id=10247","title":{"rendered":"Inspektion"},"content":{"rendered":"<div class=\"row \"><div class=\"wpv-grid grid-1-2  wpv-first-level first unextended\" style=\"padding-top:0px;padding-bottom:0px\" id=\"wpv-column-0d11b25dbcdf1c334258fcde79a4cff0\" >\n\t\t\t<!-- START inspektion REVOLUTION SLIDER 6.2.23 --><p class=\"rs-p-wp-fix\"><\/p>\n\t\t\t<rs-module-wrap id=\"rev_slider_25_1_wrapper\" data-source=\"gallery\" style=\"background:#E9E9E9;padding:0;margin:0px auto;margin-top:0;margin-bottom:0;\">\n\t\t\t\t<rs-module id=\"rev_slider_25_1\" style=\"\" data-version=\"6.2.23\">\n\t\t\t\t\t<rs-slides>\n\t\t\t\t\t\t<rs-slide data-key=\"rs-56\" data-title=\"Slide\" data-anim=\"ei:d;eo:d;r:0;t:fade;sl:7;\">\n\t\t\t\t\t\t\t<img decoding=\"async\" src=\"\/\/www.wiegel-autolackiererei.de\/wp-content\/uploads\/2015\/07\/IMG_0989.jpg\" title=\"Inspektion\" class=\"rev-slidebg\" data-no-retina>\n<!---->\t\t\t\t\t\t<\/rs-slide>\n\t\t\t\t\t\t<rs-slide data-key=\"rs-54\" data-title=\"Slide\" data-anim=\"ei:d;eo:d;r:0;t:fade;sl:7;\">\n\t\t\t\t\t\t\t<img decoding=\"async\" src=\"\/\/www.wiegel-autolackiererei.de\/wp-content\/uploads\/2015\/07\/IMG_0970.jpg\" title=\"Inspektion\" class=\"rev-slidebg\" data-no-retina>\n<!---->\t\t\t\t\t\t<\/rs-slide>\n\t\t\t\t\t\t<rs-slide data-key=\"rs-55\" data-title=\"Slide\" data-anim=\"ei:d;eo:d;r:0;t:fade;sl:7;\">\n\t\t\t\t\t\t\t<img decoding=\"async\" src=\"\/\/www.wiegel-autolackiererei.de\/wp-content\/uploads\/2015\/07\/IMG_0976.jpg\" title=\"Inspektion\" class=\"rev-slidebg\" data-no-retina>\n<!---->\t\t\t\t\t\t<\/rs-slide>\n\t\t\t\t\t\t<rs-slide data-key=\"rs-57\" data-title=\"Slide\" data-anim=\"ei:d;eo:d;r:0;t:fade;sl:7;\">\n\t\t\t\t\t\t\t<img decoding=\"async\" src=\"\/\/www.wiegel-autolackiererei.de\/wp-content\/uploads\/2015\/07\/IMG_0972.jpg\" title=\"Inspektion\" class=\"rev-slidebg\" data-no-retina>\n<!---->\t\t\t\t\t\t<\/rs-slide>\n\t\t\t\t\t<\/rs-slides>\n\t\t\t\t<\/rs-module>\n\t\t\t<\/rs-module-wrap>\n\t\t\t<!-- END REVOLUTION SLIDER -->\n<\/div>\n<div class=\"wpv-grid grid-1-2  wpv-first-level unextended\" style=\"padding-top:0px;padding-bottom:0px\" id=\"wpv-column-cccb9c76cc70693d305c8738d084438c\" ><p>Als Meisterbetrieb f\u00fchren wir die Inspektion an Ihrem Kfz nach Herstellervorgaben durch und arbeiten dabei nur mit Ersatzteilen in Erstausr\u00fcsterqualit\u00e4t. Somit bleibt die Herstellergarantie Ihres Kfz erhalten.<\/p>\n<p>Regelm\u00e4\u00dfige Inspektionen gew\u00e4hrleisten einen st\u00f6rungsfreien Betriebszustand Ihres Autos und sorgen somit f\u00fcr Sicherheit f\u00fcr Sie und Ihre Mitfahrer. Dabei werden neben der Pr\u00fcfung von Elektronik und Bremsen auch Verschlei\u00dfteile und Betriebsstoffe, wie beispielsweise Bremsfl\u00fcssigkeit und \u00d6l, ausgetauscht.<\/p>\n<p>Turnusm\u00e4\u00dfige Inspektionen verl\u00e4ngern die Laufleistung und Zuverl\u00e4ssigkeit Ihres Fahrzeugs. Schwachstellen und M\u00e4ngel k\u00f6nnen so schnell und einfach beseitigt werden und Ihr Auto wird damit sicherer. Jeder Fahrzeughersteller schreibt eine regelm\u00e4\u00dfige Inspektion am Fahrzeug vor und legt dabei verbindlich fest, welche Teile bei einer Inspektion kontrolliert und unter Umst\u00e4nden ersetzt werden m\u00fcssen.<\/div><\/div>\n\t\t<div class=\"sep-text single centered\">\n\t\t\t\t\t\t\t<span class=\"sep-text-before\"><div class=\"sep-text-line\"><\/div><\/span>\n\t\t\t\t\t\t<div class=\"content\">\n\t\t\t\t<h2 class=\"regular-title-wrapper\">\t\t\t\t\t\nHU\/AU Service\t\t\t\t<\/h2>\t\t\t<\/div>\n\t\t\t<span class=\"sep-text-after\"><div class=\"sep-text-line\"><\/div><\/span>\n\t\t\t\t\t<\/div>\n\t\n<div class=\"row \"><div class=\"wpv-grid grid-1-2  wpv-first-level first unextended\" style=\"padding-top:0px;padding-bottom:0px\" id=\"wpv-column-539e20581c31b73cc1edf4e5bf1c0d0b\" ><p><a href=\"https:\/\/www.wiegel-autolackiererei.de\/wp-content\/uploads\/2015\/06\/huau.jpg\"><img loading=\"lazy\" decoding=\"async\" class=\"alignnone size-full wp-image-11092\" src=\"https:\/\/www.wiegel-autolackiererei.de\/wp-content\/uploads\/2015\/06\/huau.jpg\" alt=\"huau\" width=\"1000\" height=\"667\" srcset=\"https:\/\/www.wiegel-autolackiererei.de\/wp-content\/uploads\/2015\/06\/huau.jpg 1000w, https:\/\/www.wiegel-autolackiererei.de\/wp-content\/uploads\/2015\/06\/huau-300x200.jpg 300w, https:\/\/www.wiegel-autolackiererei.de\/wp-content\/uploads\/2015\/06\/huau-600x400.jpg 600w, https:\/\/www.wiegel-autolackiererei.de\/wp-content\/uploads\/2015\/06\/huau-555x370.jpg 555w, https:\/\/www.wiegel-autolackiererei.de\/wp-content\/uploads\/2015\/06\/huau-360x240.jpg 360w, https:\/\/www.wiegel-autolackiererei.de\/wp-content\/uploads\/2015\/06\/huau-262x175.jpg 262w\" sizes=\"(max-width: 1000px) 100vw, 1000px\" \/><\/a><\/div>\n<div class=\"wpv-grid grid-1-2  wpv-first-level unextended\" style=\"padding-top:0px;padding-bottom:0px\" id=\"wpv-column-a207ecdf96869aa8ac6603022e0ae073\" ><p>Pr\u00fcftermine sind jeden Tag zwischen 8 Uhr und 17 Uhr nach vorheriger Anmeldung m\u00f6glich. Auf Wunsch kann Ihr Fahrzeug vorher inspiziert werden.<\/p>\n<p>Jeder Fahrzeughalter ist gesetzlich verpflichtet, in regelm\u00e4\u00dfigen Abst\u00e4nden die Hauptuntersuchung an seinem Fahrzeug vornehmen zu lassen. Dabei wird Ihr Fahrzeug auf Verkehrst\u00fcchtigkeit und auf Erf\u00fcllung von Sicherheitsstandards gepr\u00fcft. Entspricht Ihr Pkw den gesetzlich vorgeschriebenen Kriterien, wird die HU-Plakette auf dem hinteren amtlichen Kennzeichen des Fahrzeugs angebracht. Damit Sie die Frist Ihrer n\u00e4chsten Hauptuntersuchung im Auge behalten, finden Sie Monat und Jahr des Fristablaufs auf dieser Plakette. Nur mit g\u00fcltiger Plakette ist Ihr Auto im deutschen Stra\u00dfenverkehr zul\u00e4ssig.<\/div><\/div>\n\t\t<div class=\"sep-text single centered\">\n\t\t\t\t\t\t\t<span class=\"sep-text-before\"><div class=\"sep-text-line\"><\/div><\/span>\n\t\t\t\t\t\t<div class=\"content\">\n\t\t\t\t<h2 class=\"regular-title-wrapper\">\t\t\t\t\t\nAuspuffservice\t\t\t\t<\/h2>\t\t\t<\/div>\n\t\t\t<span class=\"sep-text-after\"><div class=\"sep-text-line\"><\/div><\/span>\n\t\t\t\t\t<\/div>\n\t\n<div class=\"row \"><div class=\"wpv-grid grid-1-2  wpv-first-level first unextended\" style=\"padding-top:0px;padding-bottom:0px\" id=\"wpv-column-8c433812b3ad3b424fefef1a547d8e30\" ><p><a href=\"https:\/\/www.wiegel-autolackiererei.de\/wp-content\/uploads\/2015\/06\/auspuffservice.jpg\"><img loading=\"lazy\" decoding=\"async\" class=\"alignnone size-full wp-image-11094\" src=\"https:\/\/www.wiegel-autolackiererei.de\/wp-content\/uploads\/2015\/06\/auspuffservice.jpg\" alt=\"auspuffservice\" width=\"1600\" height=\"1200\" srcset=\"https:\/\/www.wiegel-autolackiererei.de\/wp-content\/uploads\/2015\/06\/auspuffservice.jpg 1600w, https:\/\/www.wiegel-autolackiererei.de\/wp-content\/uploads\/2015\/06\/auspuffservice-300x225.jpg 300w, https:\/\/www.wiegel-autolackiererei.de\/wp-content\/uploads\/2015\/06\/auspuffservice-1024x768.jpg 1024w, https:\/\/www.wiegel-autolackiererei.de\/wp-content\/uploads\/2015\/06\/auspuffservice-600x450.jpg 600w, https:\/\/www.wiegel-autolackiererei.de\/wp-content\/uploads\/2015\/06\/auspuffservice-1140x855.jpg 1140w, https:\/\/www.wiegel-autolackiererei.de\/wp-content\/uploads\/2015\/06\/auspuffservice-555x416.jpg 555w, https:\/\/www.wiegel-autolackiererei.de\/wp-content\/uploads\/2015\/06\/auspuffservice-360x270.jpg 360w, https:\/\/www.wiegel-autolackiererei.de\/wp-content\/uploads\/2015\/06\/auspuffservice-262x197.jpg 262w\" sizes=\"(max-width: 1600px) 100vw, 1600px\" \/><\/a><\/div>\n<div class=\"wpv-grid grid-1-2  wpv-first-level unextended\" style=\"padding-top:0px;padding-bottom:0px\" id=\"wpv-column-52822b51dc7f9d4d3d438d31a57d3180\" ><p>Nehmen Sie unsere kostenlose Auspuffpr\u00fcfung in Anspruch! Wir pr\u00fcfen zuverl\u00e4ssig den Zustand Ihrer Abgasanlage und beraten Sie, ob es sinnvoll ist, einzelne Teile auszutauschen.<\/p>\n<p>Wenn Sie Probleme mit Ihrer Auspuffanlage haben, dann warten Sie nicht zu lange. Denn Sie schaden nicht nur der Umwelt, sondern verbrauchen meistens auch mehr Kraftstoff.<\/p>\n<p>Sie bekommen beim Auswechseln Ihres Schalld\u00e4mpfers nur gepr\u00fcfte Originalteilequalit\u00e4t.<\/div><\/div>\n\t\t<div class=\"sep-text single centered\">\n\t\t\t\t\t\t\t<span class=\"sep-text-before\"><div class=\"sep-text-line\"><\/div><\/span>\n\t\t\t\t\t\t<div class=\"content\">\n\t\t\t\t<h2 class=\"regular-title-wrapper\">\t\t\t\t\t\nKlimaanlagenwartung\t\t\t\t<\/h2>\t\t\t<\/div>\n\t\t\t<span class=\"sep-text-after\"><div class=\"sep-text-line\"><\/div><\/span>\n\t\t\t\t\t<\/div>\n\t\n<div class=\"row \"><div class=\"wpv-grid grid-1-2  wpv-first-level first unextended\" style=\"padding-top:0px;padding-bottom:0px\" id=\"wpv-column-7f4e531c9aa0dafb75b3ca622c119615\" ><p><a href=\"https:\/\/www.wiegel-autolackiererei.de\/wp-content\/uploads\/2015\/06\/klimaanlagenwartung.jpg\"><img loading=\"lazy\" decoding=\"async\" class=\"alignnone size-full wp-image-11096\" src=\"https:\/\/www.wiegel-autolackiererei.de\/wp-content\/uploads\/2015\/06\/klimaanlagenwartung.jpg\" alt=\"klimaanlagenwartung\" width=\"1000\" height=\"667\" srcset=\"https:\/\/www.wiegel-autolackiererei.de\/wp-content\/uploads\/2015\/06\/klimaanlagenwartung.jpg 1000w, https:\/\/www.wiegel-autolackiererei.de\/wp-content\/uploads\/2015\/06\/klimaanlagenwartung-300x200.jpg 300w, https:\/\/www.wiegel-autolackiererei.de\/wp-content\/uploads\/2015\/06\/klimaanlagenwartung-600x400.jpg 600w, https:\/\/www.wiegel-autolackiererei.de\/wp-content\/uploads\/2015\/06\/klimaanlagenwartung-555x370.jpg 555w, https:\/\/www.wiegel-autolackiererei.de\/wp-content\/uploads\/2015\/06\/klimaanlagenwartung-360x240.jpg 360w, https:\/\/www.wiegel-autolackiererei.de\/wp-content\/uploads\/2015\/06\/klimaanlagenwartung-262x175.jpg 262w\" sizes=\"(max-width: 1000px) 100vw, 1000px\" \/><\/a><\/div>\n<div class=\"wpv-grid grid-1-2  wpv-first-level unextended\" style=\"padding-top:0px;padding-bottom:0px\" id=\"wpv-column-40892e1337132ab3fc25d42e5994fe79\" ><p>Mit unserem Klimaanlagenservice gew\u00e4hren wir die Funktionst\u00fcchtigkeit Ihrer Klimaanlage im Fahrzeug. Um dies zu gew\u00e4hren muss die richtige Menge an K\u00e4ltemittel und f\u00fcr die Schmierung der beweglichen Teile gen\u00fcgend K\u00e4ltemittel\u00f6l vorhanden sein, da dieses im Fl\u00fcssigkeitskreislauf mitl\u00e4uft und sich in diesem Zuge teilweise mit dem K\u00e4ltemittel vermischt.<\/p>\n<p>Ein Verzicht auf einen regelm\u00e4\u00dfigen Klimaservice f\u00fchrt nicht nur zum Nachlassen der K\u00fchlwirkung seiner Anlage, sondern auch zu schweren Sch\u00e4den am Kompressor mangels Schmierung. Au\u00dferdem k\u00f6nnen sich Bakterien und Pilze im Verdampfer sammeln, die sich dann \u00fcber den Luftaussto\u00df im Fahrzeug verteilen.<\/p>\n<p>Zu unseren Leistungen geh\u00f6ren die Wartung mit Funktions- und Sichtpr\u00fcfung, der K\u00e4ltemittel-Austausch, die \u00d6lstandkontrolle im Kompressor, eine gr\u00fcndliche Desinfektion, um Bakterien und Pilze zu entfernen sowie gegebenenfalls eine Reparatur der Anlage.<\/div><\/div>\n\t\t<div class=\"sep-text single centered\">\n\t\t\t\t\t\t\t<span class=\"sep-text-before\"><div class=\"sep-text-line\"><\/div><\/span>\n\t\t\t\t\t\t<div class=\"content\">\n\t\t\t\t<h2 class=\"regular-title-wrapper\">\t\t\t\t\t\nReifen- und Felgenservice\t\t\t\t<\/h2>\t\t\t<\/div>\n\t\t\t<span class=\"sep-text-after\"><div class=\"sep-text-line\"><\/div><\/span>\n\t\t\t\t\t<\/div>\n\t\n<div class=\"row \"><div class=\"wpv-grid grid-1-2  wpv-first-level first unextended\" style=\"padding-top:0px;padding-bottom:0px\" id=\"wpv-column-894c2be1d61641f494e4e19aa3344141\" ><p><a href=\"https:\/\/www.wiegel-autolackiererei.de\/wp-content\/uploads\/2015\/06\/felgen_reifenservice.jpg\"><img loading=\"lazy\" decoding=\"async\" class=\"alignnone size-full wp-image-11098\" src=\"https:\/\/www.wiegel-autolackiererei.de\/wp-content\/uploads\/2015\/06\/felgen_reifenservice.jpg\" alt=\"felgen_reifenservice\" width=\"1000\" height=\"633\" srcset=\"https:\/\/www.wiegel-autolackiererei.de\/wp-content\/uploads\/2015\/06\/felgen_reifenservice.jpg 1000w, https:\/\/www.wiegel-autolackiererei.de\/wp-content\/uploads\/2015\/06\/felgen_reifenservice-300x190.jpg 300w, https:\/\/www.wiegel-autolackiererei.de\/wp-content\/uploads\/2015\/06\/felgen_reifenservice-600x380.jpg 600w, https:\/\/www.wiegel-autolackiererei.de\/wp-content\/uploads\/2015\/06\/felgen_reifenservice-555x351.jpg 555w, https:\/\/www.wiegel-autolackiererei.de\/wp-content\/uploads\/2015\/06\/felgen_reifenservice-360x228.jpg 360w, https:\/\/www.wiegel-autolackiererei.de\/wp-content\/uploads\/2015\/06\/felgen_reifenservice-262x166.jpg 262w\" sizes=\"(max-width: 1000px) 100vw, 1000px\" \/><\/a><\/div>\n<div class=\"wpv-grid grid-1-2  wpv-first-level unextended\" style=\"padding-top:0px;padding-bottom:0px\" id=\"wpv-column-b8db2b6ead113fab00144705912b751c\" ><p>Bei uns wird Ihr Reifenwechsel vor Ort schnell und fachgerecht durchgef\u00fchrt. Wir f\u00fchren Reifen s\u00e4mtlicher Hersteller bzw. k\u00f6nnen diese anbieten.<\/p>\n<p>Bei winterlichen Wetterbedingungen gew\u00e4hren die Winterreifen durch spezielle Reifenprofile die entsprechende Fahrsicherheit im Stra\u00dfenverkehr.<\/p>\n<p>Unser Service beinhaltet die \u00dcberpr\u00fcfung des Luftdrucks, das Messen der Profiltiefe und das Sichten der Bremsanlage. Au\u00dferdem wird auf einen Reifentausch von hinten nach vorne und umgekehrt geachtet, damit sich die Gummierung an den Reifen gleichm\u00e4\u00dfig abnutzt.<\/p>\n<p>Zudem werden auf Wunsch im Rahmen des Reifenwechsels eine vorhandene Unwucht der Reifen korrigiert. Das Auswuchten minimiert Vibrationen oder ein flatterndes Lenkrad. Au\u00dferdem wird so ein m\u00f6glicher Verschlei\u00df der Radaufh\u00e4ngung oder Sto\u00dfd\u00e4mpfer vorgeb\u00e4ugt, die Stabilit\u00e4t des Fahrzeugs verbessert und der Fahrkomfort erh\u00f6ht.<\/p>\n<p>Ihre Reifen und Felgen k\u00f6nnen auch gerne bei uns eingelagert werden. Wir gew\u00e4hrleisten eine professionelle Lagerung. Auf Wunsch wird eine Spezialreinigung f\u00fcr Reifen sowie Felgen durchgef\u00fchrt.<\/div><\/div>\n\t\t<div class=\"sep-text single centered\">\n\t\t\t\t\t\t\t<span class=\"sep-text-before\"><div class=\"sep-text-line\"><\/div><\/span>\n\t\t\t\t\t\t<div class=\"content\">\n\t\t\t\t<h2 class=\"regular-title-wrapper\">\t\t\t\t\t\nBremsenservice\t\t\t\t<\/h2>\t\t\t<\/div>\n\t\t\t<span class=\"sep-text-after\"><div class=\"sep-text-line\"><\/div><\/span>\n\t\t\t\t\t<\/div>\n\t\n<div class=\"row \"><div class=\"wpv-grid grid-1-2  wpv-first-level first unextended\" style=\"padding-top:0px;padding-bottom:0px\" id=\"wpv-column-0ea6eae1df31129a32a54cbc9831404a\" ><p><a href=\"https:\/\/www.wiegel-autolackiererei.de\/wp-content\/uploads\/2015\/06\/bremsenservice.jpg\"><img loading=\"lazy\" decoding=\"async\" class=\"alignnone size-full wp-image-11100\" src=\"https:\/\/www.wiegel-autolackiererei.de\/wp-content\/uploads\/2015\/06\/bremsenservice.jpg\" alt=\"bremsenservice\" width=\"1000\" height=\"667\" srcset=\"https:\/\/www.wiegel-autolackiererei.de\/wp-content\/uploads\/2015\/06\/bremsenservice.jpg 1000w, https:\/\/www.wiegel-autolackiererei.de\/wp-content\/uploads\/2015\/06\/bremsenservice-300x200.jpg 300w, https:\/\/www.wiegel-autolackiererei.de\/wp-content\/uploads\/2015\/06\/bremsenservice-600x400.jpg 600w, https:\/\/www.wiegel-autolackiererei.de\/wp-content\/uploads\/2015\/06\/bremsenservice-555x370.jpg 555w, https:\/\/www.wiegel-autolackiererei.de\/wp-content\/uploads\/2015\/06\/bremsenservice-360x240.jpg 360w, https:\/\/www.wiegel-autolackiererei.de\/wp-content\/uploads\/2015\/06\/bremsenservice-262x175.jpg 262w\" sizes=\"(max-width: 1000px) 100vw, 1000px\" \/><\/a><\/div>\n<div class=\"wpv-grid grid-1-2  wpv-first-level unextended\" style=\"padding-top:0px;padding-bottom:0px\" id=\"wpv-column-e2ad0db2bcfe3a78a608fec3f6079f86\" ><p>Die Bremsen an Ihrem Auto sind haupts\u00e4chlich f\u00fcr Ihre Sicherheit verantwortlich. Eine defekte Bremse stellt ein hohes Unfallrisiko dar. Im Bedarfsfall m\u00fcssen Sie sich auf die Bremsen Ihres Fahrzeugs verlassen k\u00f6nnen. Defekte oder nicht richtig arbeitende Bremsen gef\u00e4hrden andere Verkehrsteilnehmer und auch Sie selbst. Bremsverschlei\u00df passiert nicht von heute auf morgen, sondern entwickelt sich in der Regel \u00fcber einen l\u00e4ngeren Zeitraum.<\/p>\n<p>Unser Service umfasst:<\/p>\n<p>Sichtpr\u00fcfung von Bremsleitungen und Bremsschl\u00e4uchen. Austausch von Bremsbel\u00e4gen und Bremsscheiben nach Bedarf.<\/div><\/div>\n","protected":false},"excerpt":{"rendered":"","protected":false},"author":1,"featured_media":0,"parent":0,"menu_order":0,"comment_status":"closed","ping_status":"open","template":"","meta":{"footnotes":""},"class_list":["post-10247","page","type-page","status-publish","hentry"],"_links":{"self":[{"href":"https:\/\/www.wiegel-autolackiererei.de\/index.php?rest_route=\/wp\/v2\/pages\/10247"}],"collection":[{"href":"https:\/\/www.wiegel-autolackiererei.de\/index.php?rest_route=\/wp\/v2\/pages"}],"about":[{"href":"https:\/\/www.wiegel-autolackiererei.de\/index.php?rest_route=\/wp\/v2\/types\/page"}],"author":[{"embeddable":true,"href":"https:\/\/www.wiegel-autolackiererei.de\/index.php?rest_route=\/wp\/v2\/users\/1"}],"replies":[{"embeddable":true,"href":"https:\/\/www.wiegel-autolackiererei.de\/index.php?rest_route=%2Fwp%2Fv2%2Fcomments&post=10247"}],"version-history":[{"count":19,"href":"https:\/\/www.wiegel-autolackiererei.de\/index.php?rest_route=\/wp\/v2\/pages\/10247\/revisions"}],"predecessor-version":[{"id":11175,"href":"https:\/\/www.wiegel-autolackiererei.de\/index.php?rest_route=\/wp\/v2\/pages\/10247\/revisions\/11175"}],"wp:attachment":[{"href":"https:\/\/www.wiegel-autolackiererei.de\/index.php?rest_route=%2Fwp%2Fv2%2Fmedia&parent=10247"}],"curies":[{"name":"wp","href":"https:\/\/api.w.org\/{rel}","templated":true}]}}