{"id":10329,"date":"2015-06-25T18:49:59","date_gmt":"2015-06-25T18:49:59","guid":{"rendered":"https:\/\/www.wiegel-autolackiererei.de\/?page_id=10329"},"modified":"2019-07-23T15:17:53","modified_gmt":"2019-07-23T15:17:53","slug":"schadensfall","status":"publish","type":"page","link":"https:\/\/www.wiegel-autolackiererei.de\/?page_id=10329","title":{"rendered":"Schadensfall"},"content":{"rendered":"<div class=\"row \"><div class=\"wpv-grid grid-1-2  wpv-first-level first unextended\" style=\"padding-top:0px;padding-bottom:0px\" id=\"wpv-column-6932738ae0330a02add2c4589e33d12b\" ><p><a href=\"https:\/\/www.wiegel-autolackiererei.de\/wp-content\/uploads\/2015\/06\/rover-1.jpg\"><img loading=\"lazy\" decoding=\"async\" class=\"alignnone size-full wp-image-10388\" src=\"https:\/\/www.wiegel-autolackiererei.de\/wp-content\/uploads\/2015\/06\/rover-1.jpg\" alt=\"rover 1\" width=\"1417\" height=\"878\" srcset=\"https:\/\/www.wiegel-autolackiererei.de\/wp-content\/uploads\/2015\/06\/rover-1.jpg 1417w, https:\/\/www.wiegel-autolackiererei.de\/wp-content\/uploads\/2015\/06\/rover-1-300x186.jpg 300w, https:\/\/www.wiegel-autolackiererei.de\/wp-content\/uploads\/2015\/06\/rover-1-1024x634.jpg 1024w, https:\/\/www.wiegel-autolackiererei.de\/wp-content\/uploads\/2015\/06\/rover-1-600x372.jpg 600w, https:\/\/www.wiegel-autolackiererei.de\/wp-content\/uploads\/2015\/06\/rover-1-1140x706.jpg 1140w, https:\/\/www.wiegel-autolackiererei.de\/wp-content\/uploads\/2015\/06\/rover-1-555x344.jpg 555w, https:\/\/www.wiegel-autolackiererei.de\/wp-content\/uploads\/2015\/06\/rover-1-360x223.jpg 360w, https:\/\/www.wiegel-autolackiererei.de\/wp-content\/uploads\/2015\/06\/rover-1-262x162.jpg 262w\" sizes=\"(max-width: 1417px) 100vw, 1417px\" \/><\/a><\/div>\n<div class=\"wpv-grid grid-1-2  wpv-first-level unextended\" style=\"padding-top:0px;padding-bottom:0px\" id=\"wpv-column-f49574de420341671898b65ae38cd79a\" ><p>Wir nehmen Ihnen die Arbeit ab, wenn es mal zu einem Schaden gekommen ist. Wir ermitteln den Umfang des Schadens und erstellen ein Angebot. Sollte ein Gutachten eines Sachverst\u00e4ndigen erforderlich sein, so veranlassen wir die Begutachtung gern. Falls gew\u00fcnscht, rechnen wir mit den Versicherungen direkt ab.<\/p>\n<p>Wir halten Ausfallzeiten gering und behandeln jeden Auftrag als Terminsache.<\/div><\/div>\n\t\t<div class=\"sep-text single centered\">\n\t\t\t\t\t\t\t<span class=\"sep-text-before\"><div class=\"sep-text-line\"><\/div><\/span>\n\t\t\t\t\t\t<div class=\"content\">\n\t\t\t\t<h2 class=\"regular-title-wrapper\">\t\t\t\t\t\nKomplettreparatur\t\t\t\t<\/h2>\t\t\t<\/div>\n\t\t\t<span class=\"sep-text-after\"><div class=\"sep-text-line\"><\/div><\/span>\n\t\t\t\t\t<\/div>\n\t\n<div class=\"row \"><div class=\"wpv-grid grid-1-2  wpv-first-level first unextended\" style=\"padding-top:0px;padding-bottom:0px\" id=\"wpv-column-302c6fe50d3bf5e8a07e3915d3879a9d\" ><p><a href=\"https:\/\/www.wiegel-autolackiererei.de\/wp-content\/uploads\/2015\/06\/komplettreparatur.jpg\"><img loading=\"lazy\" decoding=\"async\" class=\"alignnone size-full wp-image-11062\" src=\"https:\/\/www.wiegel-autolackiererei.de\/wp-content\/uploads\/2015\/06\/komplettreparatur.jpg\" alt=\"komplettreparatur\" width=\"1000\" height=\"667\" srcset=\"https:\/\/www.wiegel-autolackiererei.de\/wp-content\/uploads\/2015\/06\/komplettreparatur.jpg 1000w, https:\/\/www.wiegel-autolackiererei.de\/wp-content\/uploads\/2015\/06\/komplettreparatur-300x200.jpg 300w, https:\/\/www.wiegel-autolackiererei.de\/wp-content\/uploads\/2015\/06\/komplettreparatur-600x400.jpg 600w, https:\/\/www.wiegel-autolackiererei.de\/wp-content\/uploads\/2015\/06\/komplettreparatur-555x370.jpg 555w, https:\/\/www.wiegel-autolackiererei.de\/wp-content\/uploads\/2015\/06\/komplettreparatur-360x240.jpg 360w, https:\/\/www.wiegel-autolackiererei.de\/wp-content\/uploads\/2015\/06\/komplettreparatur-262x175.jpg 262w\" sizes=\"(max-width: 1000px) 100vw, 1000px\" \/><\/a><\/div>\n<div class=\"wpv-grid grid-1-2  wpv-first-level unextended\" style=\"padding-top:0px;padding-bottom:0px\" id=\"wpv-column-6ee28f8a24877ed4562e4d8feaa1a502\" ><p>Wir bieten Ihnen in unserer Fachwerkstatt eine zuverl\u00e4ssige und schnelle Unfallinstandsetzung Ihres Fahrzeugs an. Mit unserem kosteng\u00fcnstigen Reparaturprinzip reduzieren wir die anfallenden Kosten bei kleinen Sch\u00e4den. Zudem erfolgt die Unfallinstandsetzung in unserer Werkstatt in kurzer Zeit und mit hoher Priorit\u00e4t, damit Sie Ihr Fahrzeug schnellstm\u00f6glich wieder zur Verf\u00fcgung haben. Der Standard der Unfallinstandsetzung richtet sich dabei ganz nach den allgemeinen Vorgaben des Fahrzeugherstellers.<\/p>\n<p>Neben kleineren Unfallsch\u00e4den beheben wir f\u00fcr Sie auch gr\u00f6\u00dfere Unfallfolgen. Unsere Werkstatt verf\u00fcgt \u00fcber das notwendige Zubeh\u00f6r, um diese Unfallinstandsetzung zeitnah durchzuf\u00fchren. Richtger\u00e4te stehen f\u00fcr alle Fahrzeugtypen bereit. Verzogene Elemente des Fahrzeuges werden durch genaue Korrekturverfahren in den urspr\u00fcnglichen Zustand zur\u00fcckgeformt.<\/p>\n<p>Au\u00dferdem steht Ihnen in unserer Werkstatt ein kompetenter Reparaturservice f\u00fcr Windschutzscheiben zur Verf\u00fcgung.<\/div><\/div>\n\t\t<div class=\"sep-text single centered\">\n\t\t\t\t\t\t\t<span class=\"sep-text-before\"><div class=\"sep-text-line\"><\/div><\/span>\n\t\t\t\t\t\t<div class=\"content\">\n\t\t\t\t<h2 class=\"regular-title-wrapper\">\t\t\t\t\t\nZeitwertgerechte Reparatur\t\t\t\t<\/h2>\t\t\t<\/div>\n\t\t\t<span class=\"sep-text-after\"><div class=\"sep-text-line\"><\/div><\/span>\n\t\t\t\t\t<\/div>\n\t\n<div class=\"row \"><div class=\"wpv-grid grid-1-2  wpv-first-level first unextended\" style=\"padding-top:0px;padding-bottom:0px\" id=\"wpv-column-ef995b2e0f33e326c7a0083dc2f869be\" ><p><a href=\"https:\/\/www.wiegel-autolackiererei.de\/wp-content\/uploads\/2015\/06\/zeitwertreparatur.jpg\"><img loading=\"lazy\" decoding=\"async\" class=\"alignnone size-full wp-image-11064\" src=\"https:\/\/www.wiegel-autolackiererei.de\/wp-content\/uploads\/2015\/06\/zeitwertreparatur.jpg\" alt=\"zeitwertreparatur\" width=\"1000\" height=\"667\" srcset=\"https:\/\/www.wiegel-autolackiererei.de\/wp-content\/uploads\/2015\/06\/zeitwertreparatur.jpg 1000w, https:\/\/www.wiegel-autolackiererei.de\/wp-content\/uploads\/2015\/06\/zeitwertreparatur-300x200.jpg 300w, https:\/\/www.wiegel-autolackiererei.de\/wp-content\/uploads\/2015\/06\/zeitwertreparatur-600x400.jpg 600w, https:\/\/www.wiegel-autolackiererei.de\/wp-content\/uploads\/2015\/06\/zeitwertreparatur-555x370.jpg 555w, https:\/\/www.wiegel-autolackiererei.de\/wp-content\/uploads\/2015\/06\/zeitwertreparatur-360x240.jpg 360w, https:\/\/www.wiegel-autolackiererei.de\/wp-content\/uploads\/2015\/06\/zeitwertreparatur-262x175.jpg 262w\" sizes=\"(max-width: 1000px) 100vw, 1000px\" \/><\/a><\/div>\n<div class=\"wpv-grid grid-1-2  wpv-first-level unextended\" style=\"padding-top:0px;padding-bottom:0px\" id=\"wpv-column-ba0bef932251df9247e90aa586feb376\" ><p>Die sogenannte zeitwertgerechte Reparatur ist eine Reparatur mit Ident- oder Gebrauchtteilen. Somit k\u00f6nnen Instandsetzungskosten unter der 130-Prozent-Grenze gehalten werden. Die Reparatur ist trotz geringf\u00fcgiger optischer M\u00e4ngel als \u201evollst\u00e4ndig\u201c und \u201efachm\u00e4nnisch\u201c anzusehen.<\/p>\n<p>Bei einem Reparaturfall wird jeder Autofahrer bestrebt sein, sofern er die Rechnung selbst bezahlen muss, dass Ersatzteile verwendet werden, die im angemessenen Verh\u00e4ltnis zum Restwert seines Fahrzeugs stehen. Ein neuwertiges und teures Originalteil vom Fahrzeughersteller in Spezifikation der Erstausr\u00fcstung ist da wenig gefragt. Doch nicht nur der selbstzahlende Autofahrer, auch die Versicherer haben im Haftpflicht- oder Kaskofall ein Interesse daran, dass die Reparaturkosten dem Restwert des Fahrzeugs entsprechen und nicht unbedingt auf der Basis einer Reparatur mit Originalteilen kalkuliert und repariert wird.<\/div><\/div>\n\t\t<div class=\"sep-text single centered\">\n\t\t\t\t\t\t\t<span class=\"sep-text-before\"><div class=\"sep-text-line\"><\/div><\/span>\n\t\t\t\t\t\t<div class=\"content\">\n\t\t\t\t<h2 class=\"regular-title-wrapper\">\t\t\t\t\t\nDellendr\u00fccken ohne lackieren\t\t\t\t<\/h2>\t\t\t<\/div>\n\t\t\t<span class=\"sep-text-after\"><div class=\"sep-text-line\"><\/div><\/span>\n\t\t\t\t\t<\/div>\n\t\n<div class=\"row \"><div class=\"wpv-grid grid-1-2  wpv-first-level first unextended\" style=\"padding-top:0px;padding-bottom:0px\" id=\"wpv-column-0e14691c65e918f56dade56cee9e39e3\" ><p><a href=\"https:\/\/www.wiegel-autolackiererei.de\/wp-content\/uploads\/2015\/06\/dellendruecken.jpg\"><img loading=\"lazy\" decoding=\"async\" class=\"alignnone size-full wp-image-11066\" src=\"https:\/\/www.wiegel-autolackiererei.de\/wp-content\/uploads\/2015\/06\/dellendruecken.jpg\" alt=\"dellendruecken\" width=\"1600\" height=\"1200\" srcset=\"https:\/\/www.wiegel-autolackiererei.de\/wp-content\/uploads\/2015\/06\/dellendruecken.jpg 1600w, https:\/\/www.wiegel-autolackiererei.de\/wp-content\/uploads\/2015\/06\/dellendruecken-300x225.jpg 300w, https:\/\/www.wiegel-autolackiererei.de\/wp-content\/uploads\/2015\/06\/dellendruecken-1024x768.jpg 1024w, https:\/\/www.wiegel-autolackiererei.de\/wp-content\/uploads\/2015\/06\/dellendruecken-600x450.jpg 600w, https:\/\/www.wiegel-autolackiererei.de\/wp-content\/uploads\/2015\/06\/dellendruecken-1140x855.jpg 1140w, https:\/\/www.wiegel-autolackiererei.de\/wp-content\/uploads\/2015\/06\/dellendruecken-555x416.jpg 555w, https:\/\/www.wiegel-autolackiererei.de\/wp-content\/uploads\/2015\/06\/dellendruecken-360x270.jpg 360w, https:\/\/www.wiegel-autolackiererei.de\/wp-content\/uploads\/2015\/06\/dellendruecken-262x197.jpg 262w\" sizes=\"(max-width: 1600px) 100vw, 1600px\" \/><\/a><\/div>\n<div class=\"wpv-grid grid-1-2  wpv-first-level unextended\" style=\"padding-top:0px;padding-bottom:0px\" id=\"wpv-column-71293294bc041ce98097d2eb1dae28d6\" ><p>Die Dellenentfernung ohne Lackieren ist eine preisg\u00fcnstige, zeitsparende und auch umweltschonende Technik mit der Dellen und Beulen effizient und makellos beseitigt werden k\u00f6nnen. Wir unterscheiden hier zwei Verfahren: Dellendr\u00fccken und Dellenziehen.<\/p>\n<p>Beim Dellendr\u00fccken wird die Delle schonend mit Spezialwerkzeug von der Unterseite herausgearbeitet bis sie verschwunden ist.<\/p>\n<p>Das Dellenziehen kommt an den Stellen zum Einsatz, die nur sehr schwer oder von unten nicht zug\u00e4nglich sind. Mit einem Spezialkleber wird ein Kunststoffadapter auf die Delle geklebt. Mit einem Ausziehhammer wird der Adapter dann ruckartig nach au\u00dfen herausgezogen.<\/p>\n<p>Grundlegende Voraussetzung f\u00fcr das Ausbeulen ohne Lackieren ist aber, dass der Lack keine Besch\u00e4digungen aufweist und die Dellen nicht zu scharfkantig sind. Eine fachm\u00e4nnische Begutachtung vorab, ist aber dringend zu empfehlen.<\/div><\/div>\n\t\t<div class=\"sep-text single centered\">\n\t\t\t\t\t\t\t<span class=\"sep-text-before\"><div class=\"sep-text-line\"><\/div><\/span>\n\t\t\t\t\t\t<div class=\"content\">\n\t\t\t\t<h2 class=\"regular-title-wrapper\">\t\t\t\t\t\nSteinschlagbeseitigung\t\t\t\t<\/h2>\t\t\t<\/div>\n\t\t\t<span class=\"sep-text-after\"><div class=\"sep-text-line\"><\/div><\/span>\n\t\t\t\t\t<\/div>\n\t\n<div class=\"row \"><div class=\"wpv-grid grid-1-2  wpv-first-level first unextended\" style=\"padding-top:0px;padding-bottom:0px\" id=\"wpv-column-706f2e45dd5f8868026d914cea867460\" ><p><a href=\"https:\/\/www.wiegel-autolackiererei.de\/wp-content\/uploads\/2015\/06\/steinschlagbeseitigung.jpg\"><img loading=\"lazy\" decoding=\"async\" class=\"alignnone size-full wp-image-11068\" src=\"https:\/\/www.wiegel-autolackiererei.de\/wp-content\/uploads\/2015\/06\/steinschlagbeseitigung.jpg\" alt=\"steinschlagbeseitigung\" width=\"1000\" height=\"667\" srcset=\"https:\/\/www.wiegel-autolackiererei.de\/wp-content\/uploads\/2015\/06\/steinschlagbeseitigung.jpg 1000w, https:\/\/www.wiegel-autolackiererei.de\/wp-content\/uploads\/2015\/06\/steinschlagbeseitigung-300x200.jpg 300w, https:\/\/www.wiegel-autolackiererei.de\/wp-content\/uploads\/2015\/06\/steinschlagbeseitigung-600x400.jpg 600w, https:\/\/www.wiegel-autolackiererei.de\/wp-content\/uploads\/2015\/06\/steinschlagbeseitigung-555x370.jpg 555w, https:\/\/www.wiegel-autolackiererei.de\/wp-content\/uploads\/2015\/06\/steinschlagbeseitigung-360x240.jpg 360w, https:\/\/www.wiegel-autolackiererei.de\/wp-content\/uploads\/2015\/06\/steinschlagbeseitigung-262x175.jpg 262w\" sizes=\"(max-width: 1000px) 100vw, 1000px\" \/><\/a><\/div>\n<div class=\"wpv-grid grid-1-2  wpv-first-level unextended\" style=\"padding-top:0px;padding-bottom:0px\" id=\"wpv-column-b716bb1524544e1faee8ac5fa27cf07f\" ><p>Unser Fahrzeugscheibenservice umfasst die Instandsetzung und den Austausch von Autoglas. Wir pr\u00fcfen zuerst, ob sich die Scheibe reparieren l\u00e4sst oder ob ein Austausch notwendig ist.<\/p>\n<p>Im Falle einer Reparatur kommt eine spezielle F\u00fcllharztechnologie zum Einsatz. Die Instandsetzung erfolgt innerhalb k\u00fcrzester Zeit und kann bei vorhandener Teilkasko oft direkt \u00fcber die Versicherung abgerechnet werden, so dass Ihnen keine Kosten entstehen.<\/p>\n<p>Muss die Scheibe ausgetauscht werden, verwenden wir eine Ersatzscheibe in Originalqualit\u00e4t.<\/div><\/div>\n","protected":false},"excerpt":{"rendered":"","protected":false},"author":1,"featured_media":0,"parent":0,"menu_order":0,"comment_status":"closed","ping_status":"open","template":"","meta":{"footnotes":""},"class_list":["post-10329","page","type-page","status-publish","hentry"],"_links":{"self":[{"href":"https:\/\/www.wiegel-autolackiererei.de\/index.php?rest_route=\/wp\/v2\/pages\/10329"}],"collection":[{"href":"https:\/\/www.wiegel-autolackiererei.de\/index.php?rest_route=\/wp\/v2\/pages"}],"about":[{"href":"https:\/\/www.wiegel-autolackiererei.de\/index.php?rest_route=\/wp\/v2\/types\/page"}],"author":[{"embeddable":true,"href":"https:\/\/www.wiegel-autolackiererei.de\/index.php?rest_route=\/wp\/v2\/users\/1"}],"replies":[{"embeddable":true,"href":"https:\/\/www.wiegel-autolackiererei.de\/index.php?rest_route=%2Fwp%2Fv2%2Fcomments&post=10329"}],"version-history":[{"count":32,"href":"https:\/\/www.wiegel-autolackiererei.de\/index.php?rest_route=\/wp\/v2\/pages\/10329\/revisions"}],"predecessor-version":[{"id":11464,"href":"https:\/\/www.wiegel-autolackiererei.de\/index.php?rest_route=\/wp\/v2\/pages\/10329\/revisions\/11464"}],"wp:attachment":[{"href":"https:\/\/www.wiegel-autolackiererei.de\/index.php?rest_route=%2Fwp%2Fv2%2Fmedia&parent=10329"}],"curies":[{"name":"wp","href":"https:\/\/api.w.org\/{rel}","templated":true}]}}