{"id":10364,"date":"2015-06-25T19:02:45","date_gmt":"2015-06-25T19:02:45","guid":{"rendered":"https:\/\/www.wiegel-autolackiererei.de\/?page_id=10364"},"modified":"2016-03-17T09:57:45","modified_gmt":"2016-03-17T09:57:45","slug":"hohlraumversiegelung","status":"publish","type":"page","link":"https:\/\/www.wiegel-autolackiererei.de\/?page_id=10364","title":{"rendered":"Hohlraumversiegelung und Unterbodenschutz"},"content":{"rendered":"<div class=\"row \"><div class=\"wpv-grid grid-1-2  wpv-first-level first unextended\" style=\"padding-top:0px;padding-bottom:0px\" id=\"wpv-column-801c89248531ffc220329361f702f7e4\" ><p><a href=\"https:\/\/www.wiegel-autolackiererei.de\/wp-content\/uploads\/2015\/06\/unterbodenundhohlraum.jpg\"><img loading=\"lazy\" decoding=\"async\" class=\"alignnone size-full wp-image-10641\" src=\"https:\/\/www.wiegel-autolackiererei.de\/wp-content\/uploads\/2015\/06\/unterbodenundhohlraum.jpg\" alt=\"unterbodenundhohlraum\" width=\"550\" height=\"419\" srcset=\"https:\/\/www.wiegel-autolackiererei.de\/wp-content\/uploads\/2015\/06\/unterbodenundhohlraum.jpg 550w, https:\/\/www.wiegel-autolackiererei.de\/wp-content\/uploads\/2015\/06\/unterbodenundhohlraum-300x229.jpg 300w, https:\/\/www.wiegel-autolackiererei.de\/wp-content\/uploads\/2015\/06\/unterbodenundhohlraum-360x274.jpg 360w, https:\/\/www.wiegel-autolackiererei.de\/wp-content\/uploads\/2015\/06\/unterbodenundhohlraum-262x201.jpg 262w\" sizes=\"(max-width: 550px) 100vw, 550px\" \/><\/a><\/div>\n<div class=\"wpv-grid grid-1-2  wpv-first-level unextended\" style=\"padding-top:0px;padding-bottom:0px\" id=\"wpv-column-65fef79d2bb7a29dbbb51ffddb2cfd8f\" ><p>Selbstverst\u00e4ndlich werden von uns reparierte Teile oder Neuteile hohlraumversiegelt und mit Unterbodenschutz versehen.<\/div><\/div>\n\t\t<div class=\"sep-text single centered\">\n\t\t\t\t\t\t\t<span class=\"sep-text-before\"><div class=\"sep-text-line\"><\/div><\/span>\n\t\t\t\t\t\t<div class=\"content\">\n\t\t\t\t<h2 class=\"regular-title-wrapper\">\t\t\t\t\t\nKarosseriebau\t\t\t\t<\/h2>\t\t\t<\/div>\n\t\t\t<span class=\"sep-text-after\"><div class=\"sep-text-line\"><\/div><\/span>\n\t\t\t\t\t<\/div>\n\t\n<div class=\"row \"><div class=\"wpv-grid grid-1-2  wpv-first-level first unextended\" style=\"padding-top:0px;padding-bottom:0px\" id=\"wpv-column-b165c26f2944bd1cc15ae859adc7611a\" ><p><a href=\"https:\/\/www.wiegel-autolackiererei.de\/wp-content\/uploads\/2015\/07\/golf_karosseriebau.jpg\"><img loading=\"lazy\" decoding=\"async\" class=\"alignnone size-full wp-image-11085\" src=\"https:\/\/www.wiegel-autolackiererei.de\/wp-content\/uploads\/2015\/07\/golf_karosseriebau.jpg\" alt=\"golf_karosseriebau\" width=\"1600\" height=\"1200\" srcset=\"https:\/\/www.wiegel-autolackiererei.de\/wp-content\/uploads\/2015\/07\/golf_karosseriebau.jpg 1600w, https:\/\/www.wiegel-autolackiererei.de\/wp-content\/uploads\/2015\/07\/golf_karosseriebau-300x225.jpg 300w, https:\/\/www.wiegel-autolackiererei.de\/wp-content\/uploads\/2015\/07\/golf_karosseriebau-1024x768.jpg 1024w, https:\/\/www.wiegel-autolackiererei.de\/wp-content\/uploads\/2015\/07\/golf_karosseriebau-600x450.jpg 600w, https:\/\/www.wiegel-autolackiererei.de\/wp-content\/uploads\/2015\/07\/golf_karosseriebau-1140x855.jpg 1140w, https:\/\/www.wiegel-autolackiererei.de\/wp-content\/uploads\/2015\/07\/golf_karosseriebau-555x416.jpg 555w, https:\/\/www.wiegel-autolackiererei.de\/wp-content\/uploads\/2015\/07\/golf_karosseriebau-360x270.jpg 360w, https:\/\/www.wiegel-autolackiererei.de\/wp-content\/uploads\/2015\/07\/golf_karosseriebau-262x197.jpg 262w\" sizes=\"(max-width: 1600px) 100vw, 1600px\" \/><\/a><\/div>\n<div class=\"wpv-grid grid-1-2  wpv-first-level unextended\" style=\"padding-top:0px;padding-bottom:0px\" id=\"wpv-column-8c058c7f1916335f63d1e239387b343a\" ><p>Bei uns wird alles rund um die Karosserie Ihres Fahrzeuges fachgerecht instand gesetzt.<\/p>\n<p>Der Einsatz vieler unterschiedlicher Materialien in modernen Fahrzeugen erfordert heute ein hohes fachliches Wissen \u00fcber Verarbeitungs- und F\u00fcgetechniken. Nur so kann eine fachgerechte Instandsetzung nach Herstellervorgaben gew\u00e4hrleistet werden.<\/p>\n<p>Sch\u00e4den an der Karosserie-Au\u00dfenhaut oder an Rahmenteilen beheben wir nach Herstellervorgaben mit Originalersatzteilen.<\/div><\/div>\n\t\t<div class=\"sep-text single centered\">\n\t\t\t\t\t\t\t<span class=\"sep-text-before\"><div class=\"sep-text-line\"><\/div><\/span>\n\t\t\t\t\t\t<div class=\"content\">\n\t\t\t\t<h2 class=\"regular-title-wrapper\">\t\t\t\t\t\nOldtimerrestaurierung\t\t\t\t<\/h2>\t\t\t<\/div>\n\t\t\t<span class=\"sep-text-after\"><div class=\"sep-text-line\"><\/div><\/span>\n\t\t\t\t\t<\/div>\n\t\n<div class=\"row \"><div class=\"wpv-grid grid-1-2  wpv-first-level first unextended\" style=\"padding-top:0px;padding-bottom:0px\" id=\"wpv-column-1ed0fdbf008d752ad328b276fcbe26a6\" >\n\t\t\t<!-- START oldtimerslider REVOLUTION SLIDER 6.2.23 --><p class=\"rs-p-wp-fix\"><\/p>\n\t\t\t<rs-module-wrap id=\"rev_slider_22_1_wrapper\" data-source=\"gallery\" style=\"background:#E9E9E9;padding:0;margin:0px auto;margin-top:0;margin-bottom:0;\">\n\t\t\t\t<rs-module id=\"rev_slider_22_1\" style=\"\" data-version=\"6.2.23\">\n\t\t\t\t\t<rs-slides>\n\t\t\t\t\t\t<rs-slide data-key=\"rs-44\" data-title=\"Slide\" data-anim=\"ei:d;eo:d;r:0;t:fade;sl:7;\">\n\t\t\t\t\t\t\t<img decoding=\"async\" src=\"\/\/www.wiegel-autolackiererei.de\/wp-content\/uploads\/2015\/07\/karman.jpg\" title=\"Hohlraumversiegelung und Unterbodenschutz\" class=\"rev-slidebg\" data-no-retina>\n<!---->\t\t\t\t\t\t<\/rs-slide>\n\t\t\t\t\t\t<rs-slide data-key=\"rs-45\" data-title=\"Slide\" data-anim=\"ei:d;eo:d;r:0;t:fade;sl:7;\">\n\t\t\t\t\t\t\t<img decoding=\"async\" src=\"\/\/www.wiegel-autolackiererei.de\/wp-content\/uploads\/2015\/07\/porsche_targa.jpg\" title=\"Hohlraumversiegelung und Unterbodenschutz\" class=\"rev-slidebg\" data-no-retina>\n<!---->\t\t\t\t\t\t<\/rs-slide>\n\t\t\t\t\t\t<rs-slide data-key=\"rs-47\" data-title=\"Slide\" data-anim=\"ei:d;eo:d;r:0;t:fade;sl:7;\">\n\t\t\t\t\t\t\t<img decoding=\"async\" src=\"\/\/www.wiegel-autolackiererei.de\/wp-content\/uploads\/2015\/07\/rover.jpg\" title=\"Hohlraumversiegelung und Unterbodenschutz\" class=\"rev-slidebg\" data-no-retina>\n<!---->\t\t\t\t\t\t<\/rs-slide>\n\t\t\t\t\t<\/rs-slides>\n\t\t\t\t<\/rs-module>\n\t\t\t<\/rs-module-wrap>\n\t\t\t<!-- END REVOLUTION SLIDER -->\n<\/div>\n<div class=\"wpv-grid grid-1-2  wpv-first-level unextended\" style=\"padding-top:0px;padding-bottom:0px\" id=\"wpv-column-72b78b8e1e129ff3edf753fc8c15d437\" ><p>Unsere Leidenschaft ist es, den Originalzustand der Fahrzeuge wiederherzustellen.<\/p>\n<p>Oldtimer und Youngtimer restaurieren wir fachm\u00e4nnisch und qualitativ hochwertig. Durch die Restaurierungen k\u00f6nnen Sie Sch\u00e4den an tragenden Teilen der Karosserie, der Bodengruppe und am Fahrwerk beseitigen lassen. Motor und Getriebe sind nach einer Restaurierung voll funktionst\u00fcchtig und das Fahrzeug erstrahlt Aussen und Innen in neuem Glanz.<\/p>\n<p>Ob Grundrestauration, Aufbau einer Rohkarosse oder (Teil-)Restauration \u2013 wir verf\u00fcgen \u00fcber das Spezialwissen f\u00fcr alle Karossen und restaurieren originalgetreu. Bei uns finden Sie neben moderner Werkstattausr\u00fcstung eben auch handwerkliches K\u00f6nnen aus Leidenschaft.<\/div><\/div>\n","protected":false},"excerpt":{"rendered":"","protected":false},"author":1,"featured_media":0,"parent":0,"menu_order":0,"comment_status":"closed","ping_status":"closed","template":"","meta":{"footnotes":""},"class_list":["post-10364","page","type-page","status-publish","hentry"],"_links":{"self":[{"href":"https:\/\/www.wiegel-autolackiererei.de\/index.php?rest_route=\/wp\/v2\/pages\/10364"}],"collection":[{"href":"https:\/\/www.wiegel-autolackiererei.de\/index.php?rest_route=\/wp\/v2\/pages"}],"about":[{"href":"https:\/\/www.wiegel-autolackiererei.de\/index.php?rest_route=\/wp\/v2\/types\/page"}],"author":[{"embeddable":true,"href":"https:\/\/www.wiegel-autolackiererei.de\/index.php?rest_route=\/wp\/v2\/users\/1"}],"replies":[{"embeddable":true,"href":"https:\/\/www.wiegel-autolackiererei.de\/index.php?rest_route=%2Fwp%2Fv2%2Fcomments&post=10364"}],"version-history":[{"count":14,"href":"https:\/\/www.wiegel-autolackiererei.de\/index.php?rest_route=\/wp\/v2\/pages\/10364\/revisions"}],"predecessor-version":[{"id":11224,"href":"https:\/\/www.wiegel-autolackiererei.de\/index.php?rest_route=\/wp\/v2\/pages\/10364\/revisions\/11224"}],"wp:attachment":[{"href":"https:\/\/www.wiegel-autolackiererei.de\/index.php?rest_route=%2Fwp%2Fv2%2Fmedia&parent=10364"}],"curies":[{"name":"wp","href":"https:\/\/api.w.org\/{rel}","templated":true}]}}