{"id":10560,"date":"2015-07-26T16:10:03","date_gmt":"2015-07-26T16:10:03","guid":{"rendered":"https:\/\/www.wiegel-autolackiererei.de\/?page_id=10560"},"modified":"2015-10-08T10:21:51","modified_gmt":"2015-10-08T10:21:51","slug":"servicetechnik","status":"publish","type":"page","link":"https:\/\/www.wiegel-autolackiererei.de\/?page_id=10560","title":{"rendered":"Service\/Technik"},"content":{"rendered":"<div class=\"row \"><div class=\"wpv-grid grid-1-2  wpv-first-level first unextended\" style=\"padding-top:0px;padding-bottom:0px\" id=\"wpv-column-cfb8cc2340a873457c53c89db13cf681\" >\n\t\t\t<!-- START inspektion REVOLUTION SLIDER 6.2.23 --><p class=\"rs-p-wp-fix\"><\/p>\n\t\t\t<rs-module-wrap id=\"rev_slider_25_1_wrapper\" data-source=\"gallery\" style=\"background:#E9E9E9;padding:0;margin:0px auto;margin-top:0;margin-bottom:0;\">\n\t\t\t\t<rs-module id=\"rev_slider_25_1\" style=\"\" data-version=\"6.2.23\">\n\t\t\t\t\t<rs-slides>\n\t\t\t\t\t\t<rs-slide data-key=\"rs-56\" data-title=\"Slide\" data-anim=\"ei:d;eo:d;r:0;t:fade;sl:7;\">\n\t\t\t\t\t\t\t<img decoding=\"async\" src=\"\/\/www.wiegel-autolackiererei.de\/wp-content\/uploads\/2015\/07\/IMG_0989.jpg\" title=\"Service\/Technik\" class=\"rev-slidebg\" data-no-retina>\n<!---->\t\t\t\t\t\t<\/rs-slide>\n\t\t\t\t\t\t<rs-slide data-key=\"rs-54\" data-title=\"Slide\" data-anim=\"ei:d;eo:d;r:0;t:fade;sl:7;\">\n\t\t\t\t\t\t\t<img decoding=\"async\" src=\"\/\/www.wiegel-autolackiererei.de\/wp-content\/uploads\/2015\/07\/IMG_0970.jpg\" title=\"Service\/Technik\" class=\"rev-slidebg\" data-no-retina>\n<!---->\t\t\t\t\t\t<\/rs-slide>\n\t\t\t\t\t\t<rs-slide data-key=\"rs-55\" data-title=\"Slide\" data-anim=\"ei:d;eo:d;r:0;t:fade;sl:7;\">\n\t\t\t\t\t\t\t<img decoding=\"async\" src=\"\/\/www.wiegel-autolackiererei.de\/wp-content\/uploads\/2015\/07\/IMG_0976.jpg\" title=\"Service\/Technik\" class=\"rev-slidebg\" data-no-retina>\n<!---->\t\t\t\t\t\t<\/rs-slide>\n\t\t\t\t\t\t<rs-slide data-key=\"rs-57\" data-title=\"Slide\" data-anim=\"ei:d;eo:d;r:0;t:fade;sl:7;\">\n\t\t\t\t\t\t\t<img decoding=\"async\" src=\"\/\/www.wiegel-autolackiererei.de\/wp-content\/uploads\/2015\/07\/IMG_0972.jpg\" title=\"Service\/Technik\" class=\"rev-slidebg\" data-no-retina>\n<!---->\t\t\t\t\t\t<\/rs-slide>\n\t\t\t\t\t<\/rs-slides>\n\t\t\t\t<\/rs-module>\n\t\t\t<\/rs-module-wrap>\n\t\t\t<!-- END REVOLUTION SLIDER -->\n<\/div>\n<div class=\"wpv-grid grid-1-2  wpv-first-level unextended\" style=\"padding-top:0px;padding-bottom:0px\" id=\"wpv-column-26545a1ceb0d7aadded520ac4add43f5\" ><p>Als Meisterbetrieb f\u00fchren wir die Inspektion an Ihrem Kfz nach Herstellervorgaben durch und arbeitet dabei nur mit Ersatzteilen in Erstausr\u00fcsterqualit\u00e4t. Somit bleibt die Herstellergarantie Ihres Kfz erhalten.<\/p>\n<p>Regelm\u00e4\u00dfige Inspektionen gew\u00e4hrleisten einen st\u00f6rungsfreien Betriebszustand Ihres Autos und sorgen somit f\u00fcr Sicherheit f\u00fcr Sie und Ihre Mitfahrer. Dabei werden neben der Pr\u00fcfung von Elektronik und Bremsen auch Verschlei\u00dfteile und Betriebsstoffe wie beispielsweise Bremsfl\u00fcssigkeit und \u00d6l ausgetauscht.<\/p>\n<p>Turnusm\u00e4\u00dfige Inspektionen verl\u00e4ngern die Laufleistung und Zuverl\u00e4ssigkeit Ihres Fahrzeugs. Schwachstellen und M\u00e4ngel k\u00f6nnen so schnell und einfach beseitigt werden und Ihr Auto wird damit sicherer. Jeder Fahrzeughersteller schreibt eine regelm\u00e4\u00dfige Inspektion am Fahrzeug vor und legt dabei verbindlich fest, welche Teile bei einer Inspektion kontrolliert und unter Umst\u00e4nden ersetzt werden m\u00fcssen.<\/div><\/div>\n<div class=\"sep\"><\/div>\n","protected":false},"excerpt":{"rendered":"","protected":false},"author":1,"featured_media":0,"parent":0,"menu_order":0,"comment_status":"closed","ping_status":"closed","template":"","meta":{"footnotes":""},"class_list":["post-10560","page","type-page","status-publish","hentry"],"_links":{"self":[{"href":"https:\/\/www.wiegel-autolackiererei.de\/index.php?rest_route=\/wp\/v2\/pages\/10560"}],"collection":[{"href":"https:\/\/www.wiegel-autolackiererei.de\/index.php?rest_route=\/wp\/v2\/pages"}],"about":[{"href":"https:\/\/www.wiegel-autolackiererei.de\/index.php?rest_route=\/wp\/v2\/types\/page"}],"author":[{"embeddable":true,"href":"https:\/\/www.wiegel-autolackiererei.de\/index.php?rest_route=\/wp\/v2\/users\/1"}],"replies":[{"embeddable":true,"href":"https:\/\/www.wiegel-autolackiererei.de\/index.php?rest_route=%2Fwp%2Fv2%2Fcomments&post=10560"}],"version-history":[{"count":2,"href":"https:\/\/www.wiegel-autolackiererei.de\/index.php?rest_route=\/wp\/v2\/pages\/10560\/revisions"}],"predecessor-version":[{"id":10563,"href":"https:\/\/www.wiegel-autolackiererei.de\/index.php?rest_route=\/wp\/v2\/pages\/10560\/revisions\/10563"}],"wp:attachment":[{"href":"https:\/\/www.wiegel-autolackiererei.de\/index.php?rest_route=%2Fwp%2Fv2%2Fmedia&parent=10560"}],"curies":[{"name":"wp","href":"https:\/\/api.w.org\/{rel}","templated":true}]}}