{"id":10593,"date":"2015-07-30T14:25:53","date_gmt":"2015-07-30T14:25:53","guid":{"rendered":"https:\/\/www.wiegel-autolackiererei.de\/?page_id=10593"},"modified":"2016-03-17T09:53:51","modified_gmt":"2016-03-17T09:53:51","slug":"karosseriebau","status":"publish","type":"page","link":"https:\/\/www.wiegel-autolackiererei.de\/?page_id=10593","title":{"rendered":"Karosseriebau"},"content":{"rendered":"<div class=\"row \"><div class=\"wpv-grid grid-1-2  wpv-first-level first unextended\" style=\"padding-top:0px;padding-bottom:0px\" id=\"wpv-column-2009b8fa682f4bb74310b9cae7906758\" ><p><a href=\"https:\/\/www.wiegel-autolackiererei.de\/wp-content\/uploads\/2015\/07\/golf_karosseriebau.jpg\"><img loading=\"lazy\" decoding=\"async\" class=\"alignnone size-full wp-image-11085\" src=\"https:\/\/www.wiegel-autolackiererei.de\/wp-content\/uploads\/2015\/07\/golf_karosseriebau.jpg\" alt=\"golf_karosseriebau\" width=\"1600\" height=\"1200\" srcset=\"https:\/\/www.wiegel-autolackiererei.de\/wp-content\/uploads\/2015\/07\/golf_karosseriebau.jpg 1600w, https:\/\/www.wiegel-autolackiererei.de\/wp-content\/uploads\/2015\/07\/golf_karosseriebau-300x225.jpg 300w, https:\/\/www.wiegel-autolackiererei.de\/wp-content\/uploads\/2015\/07\/golf_karosseriebau-1024x768.jpg 1024w, https:\/\/www.wiegel-autolackiererei.de\/wp-content\/uploads\/2015\/07\/golf_karosseriebau-600x450.jpg 600w, https:\/\/www.wiegel-autolackiererei.de\/wp-content\/uploads\/2015\/07\/golf_karosseriebau-1140x855.jpg 1140w, https:\/\/www.wiegel-autolackiererei.de\/wp-content\/uploads\/2015\/07\/golf_karosseriebau-555x416.jpg 555w, https:\/\/www.wiegel-autolackiererei.de\/wp-content\/uploads\/2015\/07\/golf_karosseriebau-360x270.jpg 360w, https:\/\/www.wiegel-autolackiererei.de\/wp-content\/uploads\/2015\/07\/golf_karosseriebau-262x197.jpg 262w\" sizes=\"(max-width: 1600px) 100vw, 1600px\" \/><\/a><\/div>\n<div class=\"wpv-grid grid-1-2  wpv-first-level unextended\" style=\"padding-top:0px;padding-bottom:0px\" id=\"wpv-column-c3644ef165dc001128c606078086e0be\" ><p>Bei uns wird alles rund um die Karosserie Ihres Fahrzeuges fachgerecht instand gesetzt.<\/p>\n<p>Der Einsatz vieler unterschiedlicher Materialien in modernen Fahrzeugen erfordert heute ein hohes fachliches Wissen \u00fcber Verarbeitungs- und F\u00fcgetechniken. Nur so kann eine fachgerechte Instandsetzung nach Herstellervorgaben gew\u00e4hrleistet werden.<\/p>\n<p>Sch\u00e4den an der Karosserie-Au\u00dfenhaut oder an Rahmenteilen beheben wir nach Herstellervorgaben mit Originalersatzteilen.<\/div><\/div>\n\t\t<div class=\"sep-text single centered\">\n\t\t\t\t\t\t\t<span class=\"sep-text-before\"><div class=\"sep-text-line\"><\/div><\/span>\n\t\t\t\t\t\t<div class=\"content\">\n\t\t\t\t<h2 class=\"regular-title-wrapper\">\t\t\t\t\t\nOldtimerrestaurierung\t\t\t\t<\/h2>\t\t\t<\/div>\n\t\t\t<span class=\"sep-text-after\"><div class=\"sep-text-line\"><\/div><\/span>\n\t\t\t\t\t<\/div>\n\t\n<div class=\"row \"><div class=\"wpv-grid grid-1-2  wpv-first-level first unextended\" style=\"padding-top:0px;padding-bottom:0px\" id=\"wpv-column-1737ed916e78fd1b26a251a0ed57bc6e\" >\n\t\t\t<!-- START oldtimerslider REVOLUTION SLIDER 6.2.23 --><p class=\"rs-p-wp-fix\"><\/p>\n\t\t\t<rs-module-wrap id=\"rev_slider_22_1_wrapper\" data-source=\"gallery\" style=\"background:#E9E9E9;padding:0;margin:0px auto;margin-top:0;margin-bottom:0;\">\n\t\t\t\t<rs-module id=\"rev_slider_22_1\" style=\"\" data-version=\"6.2.23\">\n\t\t\t\t\t<rs-slides>\n\t\t\t\t\t\t<rs-slide data-key=\"rs-44\" data-title=\"Slide\" data-anim=\"ei:d;eo:d;r:0;t:fade;sl:7;\">\n\t\t\t\t\t\t\t<img decoding=\"async\" src=\"\/\/www.wiegel-autolackiererei.de\/wp-content\/uploads\/2015\/07\/karman.jpg\" title=\"Karosseriebau\" class=\"rev-slidebg\" data-no-retina>\n<!---->\t\t\t\t\t\t<\/rs-slide>\n\t\t\t\t\t\t<rs-slide data-key=\"rs-45\" data-title=\"Slide\" data-anim=\"ei:d;eo:d;r:0;t:fade;sl:7;\">\n\t\t\t\t\t\t\t<img decoding=\"async\" src=\"\/\/www.wiegel-autolackiererei.de\/wp-content\/uploads\/2015\/07\/porsche_targa.jpg\" title=\"Karosseriebau\" class=\"rev-slidebg\" data-no-retina>\n<!---->\t\t\t\t\t\t<\/rs-slide>\n\t\t\t\t\t\t<rs-slide data-key=\"rs-47\" data-title=\"Slide\" data-anim=\"ei:d;eo:d;r:0;t:fade;sl:7;\">\n\t\t\t\t\t\t\t<img decoding=\"async\" src=\"\/\/www.wiegel-autolackiererei.de\/wp-content\/uploads\/2015\/07\/rover.jpg\" title=\"Karosseriebau\" class=\"rev-slidebg\" data-no-retina>\n<!---->\t\t\t\t\t\t<\/rs-slide>\n\t\t\t\t\t<\/rs-slides>\n\t\t\t\t<\/rs-module>\n\t\t\t<\/rs-module-wrap>\n\t\t\t<!-- END REVOLUTION SLIDER -->\n<\/div>\n<div class=\"wpv-grid grid-1-2  wpv-first-level unextended\" style=\"padding-top:0px;padding-bottom:0px\" id=\"wpv-column-57fdb9c05419fb3a1eb8fe5669431731\" ><p>Unsere Leidenschaft ist es, den Originalzustand der Fahrzeuge wiederherzustellen.<\/p>\n<p>Ob Grundrestauration, Aufbau einer Rohkarosse oder (Teil-)Restauration \u2013 wir verf\u00fcgen \u00fcber das Spezialwissen f\u00fcr alle Karossen und restaurieren originalgetreu. Bei uns finden Sie neben moderner Werkstattausr\u00fcstung eben auch handwerkliches K\u00f6nnen aus Leidenschaft.<\/div><\/div>\n\t\t<div class=\"sep-text single centered\">\n\t\t\t\t\t\t\t<span class=\"sep-text-before\"><div class=\"sep-text-line\"><\/div><\/span>\n\t\t\t\t\t\t<div class=\"content\">\n\t\t\t\t<h2 class=\"regular-title-wrapper\">\t\t\t\t\t\nHohlraumversiegelung und Unterbodenschutz\t\t\t\t<\/h2>\t\t\t<\/div>\n\t\t\t<span class=\"sep-text-after\"><div class=\"sep-text-line\"><\/div><\/span>\n\t\t\t\t\t<\/div>\n\t\n<div class=\"row \"><div class=\"wpv-grid grid-1-2  wpv-first-level first unextended\" style=\"padding-top:0px;padding-bottom:0px\" id=\"wpv-column-aaa91cf034d311e492582b48664b14ba\" ><p><a href=\"https:\/\/www.wiegel-autolackiererei.de\/wp-content\/uploads\/2015\/06\/unterbodenundhohlraum.jpg\"><img loading=\"lazy\" decoding=\"async\" class=\"alignnone size-full wp-image-10641\" src=\"https:\/\/www.wiegel-autolackiererei.de\/wp-content\/uploads\/2015\/06\/unterbodenundhohlraum.jpg\" alt=\"unterbodenundhohlraum\" width=\"550\" height=\"419\" srcset=\"https:\/\/www.wiegel-autolackiererei.de\/wp-content\/uploads\/2015\/06\/unterbodenundhohlraum.jpg 550w, https:\/\/www.wiegel-autolackiererei.de\/wp-content\/uploads\/2015\/06\/unterbodenundhohlraum-300x229.jpg 300w, https:\/\/www.wiegel-autolackiererei.de\/wp-content\/uploads\/2015\/06\/unterbodenundhohlraum-360x274.jpg 360w, https:\/\/www.wiegel-autolackiererei.de\/wp-content\/uploads\/2015\/06\/unterbodenundhohlraum-262x201.jpg 262w\" sizes=\"(max-width: 550px) 100vw, 550px\" \/><\/a><\/div>\n<div class=\"wpv-grid grid-1-2  wpv-first-level unextended\" style=\"padding-top:0px;padding-bottom:0px\" id=\"wpv-column-bb19016beb3e7705234c8df3d35bd06b\" ><p>Selbstverst\u00e4ndlich werden von uns reparierte Teile oder Neuteile hohlraumversiegelt und mit Unterbodenschutz versehen.<\/div><\/div>\n","protected":false},"excerpt":{"rendered":"","protected":false},"author":1,"featured_media":0,"parent":0,"menu_order":0,"comment_status":"closed","ping_status":"closed","template":"","meta":{"footnotes":""},"class_list":["post-10593","page","type-page","status-publish","hentry"],"_links":{"self":[{"href":"https:\/\/www.wiegel-autolackiererei.de\/index.php?rest_route=\/wp\/v2\/pages\/10593"}],"collection":[{"href":"https:\/\/www.wiegel-autolackiererei.de\/index.php?rest_route=\/wp\/v2\/pages"}],"about":[{"href":"https:\/\/www.wiegel-autolackiererei.de\/index.php?rest_route=\/wp\/v2\/types\/page"}],"author":[{"embeddable":true,"href":"https:\/\/www.wiegel-autolackiererei.de\/index.php?rest_route=\/wp\/v2\/users\/1"}],"replies":[{"embeddable":true,"href":"https:\/\/www.wiegel-autolackiererei.de\/index.php?rest_route=%2Fwp%2Fv2%2Fcomments&post=10593"}],"version-history":[{"count":17,"href":"https:\/\/www.wiegel-autolackiererei.de\/index.php?rest_route=\/wp\/v2\/pages\/10593\/revisions"}],"predecessor-version":[{"id":11222,"href":"https:\/\/www.wiegel-autolackiererei.de\/index.php?rest_route=\/wp\/v2\/pages\/10593\/revisions\/11222"}],"wp:attachment":[{"href":"https:\/\/www.wiegel-autolackiererei.de\/index.php?rest_route=%2Fwp%2Fv2%2Fmedia&parent=10593"}],"curies":[{"name":"wp","href":"https:\/\/api.w.org\/{rel}","templated":true}]}}