{"id":10722,"date":"2015-08-24T13:52:01","date_gmt":"2015-08-24T13:52:01","guid":{"rendered":"https:\/\/www.wiegel-autolackiererei.de\/?page_id=10722"},"modified":"2015-08-24T13:56:07","modified_gmt":"2015-08-24T13:56:07","slug":"design","status":"publish","type":"page","link":"https:\/\/www.wiegel-autolackiererei.de\/?page_id=10722","title":{"rendered":"Design"},"content":{"rendered":"\t\t<div class=\"sep-text single centered\">\n\t\t\t\t\t\t\t<span class=\"sep-text-before\"><div class=\"sep-text-line\"><\/div><\/span>\n\t\t\t\t\t\t<div class=\"content\">\n\t\t\t\t<h2 class=\"regular-title-wrapper\">\t\t\t\t\t\nDesign\t\t\t\t<\/h2>\t\t\t<\/div>\n\t\t\t<span class=\"sep-text-after\"><div class=\"sep-text-line\"><\/div><\/span>\n\t\t\t\t\t<\/div>\n\t\n<div class=\"row \"><div class=\"wpv-grid grid-1-2  wpv-first-level first unextended\" style=\"padding-top:0px;padding-bottom:0px\" id=\"wpv-column-cdb102cc35fb3cb73518c46c0e9bcc75\" >\n\t\t\t<!-- START beschriftung REVOLUTION SLIDER 6.2.23 --><p class=\"rs-p-wp-fix\"><\/p>\n\t\t\t<rs-module-wrap id=\"rev_slider_30_1_wrapper\" data-source=\"gallery\" style=\"background:#E9E9E9;padding:0;margin:0px auto;margin-top:0;margin-bottom:0;\">\n\t\t\t\t<rs-module id=\"rev_slider_30_1\" style=\"\" data-version=\"6.2.23\">\n\t\t\t\t\t<rs-slides>\n\t\t\t\t\t\t<rs-slide data-key=\"rs-80\" data-title=\"Slide\" data-anim=\"ei:d;eo:d;r:0;t:fade;sl:7;\">\n\t\t\t\t\t\t\t<img decoding=\"async\" src=\"\/\/www.wiegel-autolackiererei.de\/wp-content\/uploads\/2015\/07\/beschriftung2.jpg\" title=\"Design\" class=\"rev-slidebg\" data-no-retina>\n<!---->\t\t\t\t\t\t<\/rs-slide>\n\t\t\t\t\t\t<rs-slide data-key=\"rs-79\" data-title=\"Slide\" data-anim=\"ei:d;eo:d;r:0;t:fade;sl:7;\">\n\t\t\t\t\t\t\t<img decoding=\"async\" src=\"\/\/www.wiegel-autolackiererei.de\/wp-content\/uploads\/2015\/07\/beschriftung1.jpg\" title=\"Design\" class=\"rev-slidebg\" data-no-retina>\n<!---->\t\t\t\t\t\t<\/rs-slide>\n\t\t\t\t\t\t<rs-slide data-key=\"rs-81\" data-title=\"Slide\" data-anim=\"ei:d;eo:d;r:0;t:fade;sl:7;\">\n\t\t\t\t\t\t\t<img decoding=\"async\" src=\"\/\/www.wiegel-autolackiererei.de\/wp-content\/uploads\/2015\/07\/beschriftung3.jpg\" title=\"Design\" class=\"rev-slidebg\" data-no-retina>\n<!---->\t\t\t\t\t\t<\/rs-slide>\n\t\t\t\t\t\t<rs-slide data-key=\"rs-82\" data-title=\"Slide\" data-anim=\"ei:d;eo:d;r:0;t:fade;sl:7;\">\n\t\t\t\t\t\t\t<img decoding=\"async\" src=\"\/\/www.wiegel-autolackiererei.de\/wp-content\/uploads\/2015\/07\/beschriftung4.jpg\" title=\"Design\" class=\"rev-slidebg\" data-no-retina>\n<!---->\t\t\t\t\t\t<\/rs-slide>\n\t\t\t\t\t\t<rs-slide data-key=\"rs-83\" data-title=\"Slide\" data-anim=\"ei:d;eo:d;r:0;t:fade;sl:7;\">\n\t\t\t\t\t\t\t<img decoding=\"async\" src=\"\/\/www.wiegel-autolackiererei.de\/wp-content\/uploads\/2015\/07\/beschriftung5.jpg\" title=\"Design\" class=\"rev-slidebg\" data-no-retina>\n<!---->\t\t\t\t\t\t<\/rs-slide>\n\t\t\t\t\t\t<rs-slide data-key=\"rs-84\" data-title=\"Slide\" data-anim=\"ei:d;eo:d;r:0;t:fade;sl:7;\">\n\t\t\t\t\t\t\t<img decoding=\"async\" src=\"\/\/www.wiegel-autolackiererei.de\/wp-content\/uploads\/2015\/07\/beschriftung6.jpg\" title=\"Design\" class=\"rev-slidebg\" data-no-retina>\n<!---->\t\t\t\t\t\t<\/rs-slide>\n\t\t\t\t\t<\/rs-slides>\n\t\t\t\t<\/rs-module>\n\t\t\t<\/rs-module-wrap>\n\t\t\t<!-- END REVOLUTION SLIDER -->\n<\/div>\n<div class=\"wpv-grid grid-1-2  wpv-first-level unextended\" style=\"padding-top:0px;padding-bottom:0px\" id=\"wpv-column-cb7c53923fd633a5b79003856e118ffb\" ><p>Wir beschriften und veredeln f\u00fcr Sie fast jedes Fahrzeug. Dabei spielt es keine Rolle ob Teilfl\u00e4chen- oder Ganzfl\u00e4chenfolierung. Nutzen Sie diese attraktive M\u00f6glichkeit, um auf Ihr Unternehmen, Ihre Dienstleistungen oder Ihr einzigartiges Fahrzeug aufmerksam zu machen.<\/p>\n<p>F\u00fcr Fahrzeugbeschriftungen verwenden wir langlebige Hochleistungsfolien mit h\u00f6chster Brillanz und Haltbarkeit im Au\u00dfenbereich.<\/p>\n<p>Unsere Folien sind:<\/p>\n<p>\u2013 licht- und farbecht<\/p>\n<p>\u2013 temperaturbest\u00e4ndig<\/p>\n<p>\u2013 wind- und wetterfest<\/p>\n<p>\u2013 waschstra\u00dfenbest\u00e4ndig<\/p>\n<p>\u2013 erm\u00f6glichen eine r\u00fcckstandslose Entfernung<\/div><\/div>\n","protected":false},"excerpt":{"rendered":"","protected":false},"author":1,"featured_media":0,"parent":0,"menu_order":0,"comment_status":"closed","ping_status":"closed","template":"","meta":{"footnotes":""},"class_list":["post-10722","page","type-page","status-publish","hentry"],"_links":{"self":[{"href":"https:\/\/www.wiegel-autolackiererei.de\/index.php?rest_route=\/wp\/v2\/pages\/10722"}],"collection":[{"href":"https:\/\/www.wiegel-autolackiererei.de\/index.php?rest_route=\/wp\/v2\/pages"}],"about":[{"href":"https:\/\/www.wiegel-autolackiererei.de\/index.php?rest_route=\/wp\/v2\/types\/page"}],"author":[{"embeddable":true,"href":"https:\/\/www.wiegel-autolackiererei.de\/index.php?rest_route=\/wp\/v2\/users\/1"}],"replies":[{"embeddable":true,"href":"https:\/\/www.wiegel-autolackiererei.de\/index.php?rest_route=%2Fwp%2Fv2%2Fcomments&post=10722"}],"version-history":[{"count":3,"href":"https:\/\/www.wiegel-autolackiererei.de\/index.php?rest_route=\/wp\/v2\/pages\/10722\/revisions"}],"predecessor-version":[{"id":10725,"href":"https:\/\/www.wiegel-autolackiererei.de\/index.php?rest_route=\/wp\/v2\/pages\/10722\/revisions\/10725"}],"wp:attachment":[{"href":"https:\/\/www.wiegel-autolackiererei.de\/index.php?rest_route=%2Fwp%2Fv2%2Fmedia&parent=10722"}],"curies":[{"name":"wp","href":"https:\/\/api.w.org\/{rel}","templated":true}]}}