{"id":4,"date":"2013-03-15T12:36:27","date_gmt":"2013-03-15T12:36:27","guid":{"rendered":"http:\/\/auto-repair.vamtam.com\/?page_id=4"},"modified":"2015-10-10T08:53:16","modified_gmt":"2015-10-10T08:53:16","slug":"karosserieleistungen_","status":"publish","type":"page","link":"https:\/\/www.wiegel-autolackiererei.de\/?page_id=4","title":{"rendered":"Karosserieleistungen"},"content":{"rendered":"<div class=\"row \"><div class=\"wpv-grid grid-1-2  wpv-first-level first unextended\" style=\"padding-top:0px;padding-bottom:0px\" id=\"wpv-column-c898d7a4a04a7970907a60a301f7cc4a\" ><p><a href=\"https:\/\/www.wiegel-autolackiererei.de\/wp-content\/uploads\/2013\/03\/golf_karosserieleistung.jpg\"><img loading=\"lazy\" decoding=\"async\" class=\"alignnone size-full wp-image-11088\" src=\"https:\/\/www.wiegel-autolackiererei.de\/wp-content\/uploads\/2013\/03\/golf_karosserieleistung.jpg\" alt=\"golf_karosserieleistung\" width=\"2835\" height=\"1594\" srcset=\"https:\/\/www.wiegel-autolackiererei.de\/wp-content\/uploads\/2013\/03\/golf_karosserieleistung.jpg 2835w, https:\/\/www.wiegel-autolackiererei.de\/wp-content\/uploads\/2013\/03\/golf_karosserieleistung-300x169.jpg 300w, https:\/\/www.wiegel-autolackiererei.de\/wp-content\/uploads\/2013\/03\/golf_karosserieleistung-1024x576.jpg 1024w, https:\/\/www.wiegel-autolackiererei.de\/wp-content\/uploads\/2013\/03\/golf_karosserieleistung-600x337.jpg 600w, https:\/\/www.wiegel-autolackiererei.de\/wp-content\/uploads\/2013\/03\/golf_karosserieleistung-1140x641.jpg 1140w, https:\/\/www.wiegel-autolackiererei.de\/wp-content\/uploads\/2013\/03\/golf_karosserieleistung-555x312.jpg 555w, https:\/\/www.wiegel-autolackiererei.de\/wp-content\/uploads\/2013\/03\/golf_karosserieleistung-360x202.jpg 360w, https:\/\/www.wiegel-autolackiererei.de\/wp-content\/uploads\/2013\/03\/golf_karosserieleistung-262x147.jpg 262w\" sizes=\"(max-width: 2835px) 100vw, 2835px\" \/><\/a><\/div>\n<div class=\"wpv-grid grid-1-2  wpv-first-level unextended\" style=\"padding-top:0px;padding-bottom:0px\" id=\"wpv-column-817a2ebfab9c4cb10a935461b64efe31\" ><p>Der Einsatz vieler unterschiedlicher Materialien in modernen Fahrzeugen erfordert heute ein hohes fachliches Wissen \u00fcber Verarbeitungs- und F\u00fcgetechniken. Nur so kann eine fachgerechte Instandsetzung nach Herstellervorgaben gew\u00e4hrleistet werden.<\/p>\n<p>Unsere Fachkr\u00e4fte f\u00fcr Karosseriebau sind speziell geschult. Rahmensch\u00e4den werden auf der Celette- Rahmenrichtb\u00fchne neuester Bauart innerhalb der Herstellertoleranzen behoben, wobei leichtere Verformungen auf einem Universalrichtsatz gerichtet werden.<\/p>\n<p>Sch\u00e4den an der Karosserie-Au\u00dfenhaut oder an Rahmenteilen beheben wir nach Herstellervorgaben mit Original-Ersatzteilen. M\u00fcssen dabei Teile eingeschwei\u00dft werden, geschieht dies mit einer Punktschwei\u00dfzange. Ausbeularbeiten, auch an von innen schwierig zug\u00e4nglichen Stellen, werden perfekt ausgef\u00fchrt. Ist eine Achsvermessung notwendig, erfolgt diese ebenfalls computergesteuert nach den neuesten technischen Richtlinien.<\/p>\n<p>Bei uns wird alles rund um die Karosserie Ihres Fahrzeuges fachgerecht instand gesetzt.<\/div><\/div>\n<div class=\"sep\"><\/div>\n","protected":false},"excerpt":{"rendered":"","protected":false},"author":1,"featured_media":0,"parent":0,"menu_order":0,"comment_status":"closed","ping_status":"closed","template":"","meta":{"footnotes":""},"class_list":["post-4","page","type-page","status-publish","hentry"],"_links":{"self":[{"href":"https:\/\/www.wiegel-autolackiererei.de\/index.php?rest_route=\/wp\/v2\/pages\/4"}],"collection":[{"href":"https:\/\/www.wiegel-autolackiererei.de\/index.php?rest_route=\/wp\/v2\/pages"}],"about":[{"href":"https:\/\/www.wiegel-autolackiererei.de\/index.php?rest_route=\/wp\/v2\/types\/page"}],"author":[{"embeddable":true,"href":"https:\/\/www.wiegel-autolackiererei.de\/index.php?rest_route=\/wp\/v2\/users\/1"}],"replies":[{"embeddable":true,"href":"https:\/\/www.wiegel-autolackiererei.de\/index.php?rest_route=%2Fwp%2Fv2%2Fcomments&post=4"}],"version-history":[{"count":11,"href":"https:\/\/www.wiegel-autolackiererei.de\/index.php?rest_route=\/wp\/v2\/pages\/4\/revisions"}],"predecessor-version":[{"id":11089,"href":"https:\/\/www.wiegel-autolackiererei.de\/index.php?rest_route=\/wp\/v2\/pages\/4\/revisions\/11089"}],"wp:attachment":[{"href":"https:\/\/www.wiegel-autolackiererei.de\/index.php?rest_route=%2Fwp%2Fv2%2Fmedia&parent=4"}],"curies":[{"name":"wp","href":"https:\/\/api.w.org\/{rel}","templated":true}]}}